{"id":236,"date":"2016-06-13T11:10:23","date_gmt":"2016-06-13T11:10:23","guid":{"rendered":"http:\/\/unicus.se\/?page_id=236"},"modified":"2021-06-03T10:53:37","modified_gmt":"2021-06-03T10:53:37","slug":"drivaxlar","status":"publish","type":"page","link":"http:\/\/unicus.se\/?page_id=236","title":{"rendered":"Drivaxlar, Knutar, Hjullagerenhet"},"content":{"rendered":"<p>Vi levererar alla drivaxlar till v\u00e5ra transmissioner med kundanpassade l\u00e4ngder och vi tillverkar \u00e4ven till andra bilar med valfri l\u00e4ngd och spline. Vi erbjuder \u00e4ven h\u00e5lborrade drivaxlar f\u00f6r viktoptimering.<\/p>\n<p><img loading=\"lazy\" decoding=\"async\" class=\"\" src=\"https:\/\/encrypted-tbn0.gstatic.com\/images?q=tbn:ANd9GcQ9Otvtx9GEEXF2C_VJjuFIqNK6YSkW3jq1n3s9onxYNQpYxM9I\" alt=\"Bildresultat f\u00f6r ovako logo\" width=\"103\" height=\"24\" \/><br \/>\nTill v\u00e5ra drivaxlar har vi valt att anv\u00e4nda\u00a0<a href=\"http:\/\/www.ovako.com\">OVAKO<\/a>&#8217;s\u00a0h\u00f6gklassiga \u201dIQ-st\u00e5l\u201d vars tillverkningsprocesser \u00e4r utvecklade i samband med produktion av SKF-produkter alltsedan b\u00f6rjan av 1900-talet.<\/p>\n<p>Som leverant\u00f6r till rallycross (och annat) s\u00e5 har vi l\u00e4rt oss att tillverka p\u00e5litliga drivaxlar trots l\u00e5g vikt. Det \u00e4r numera mycket s\u00e4llan att n\u00e5gon f\u00e5r brott p\u00e5 drivaxlar \/ knutar trots att teamen idag testar mycket inklusive ett stort antal st\u00e5ende starter.<\/p>\n<figure id=\"attachment_269\" aria-describedby=\"caption-attachment-269\" style=\"width: 300px\" class=\"wp-caption alignnone\"><a href=\"http:\/\/unicus.se\/wp-content\/uploads\/2016\/06\/DRIVAXLAR-0047.jpg\" rel=\"attachment wp-att-269\"><img loading=\"lazy\" decoding=\"async\" class=\"wp-image-269 size-medium\" src=\"http:\/\/unicus.se\/wp-content\/uploads\/2016\/06\/DRIVAXLAR-0047-300x200.jpg\" alt=\"Drivaxlar\" width=\"300\" height=\"200\" srcset=\"http:\/\/unicus.se\/wp-content\/uploads\/2016\/06\/DRIVAXLAR-0047-300x200.jpg 300w, http:\/\/unicus.se\/wp-content\/uploads\/2016\/06\/DRIVAXLAR-0047-768x512.jpg 768w, http:\/\/unicus.se\/wp-content\/uploads\/2016\/06\/DRIVAXLAR-0047-1024x683.jpg 1024w, http:\/\/unicus.se\/wp-content\/uploads\/2016\/06\/DRIVAXLAR-0047.jpg 1701w\" sizes=\"auto, (max-width: 300px) 100vw, 300px\" \/><\/a><figcaption id=\"caption-attachment-269\" class=\"wp-caption-text\"><strong>Drivaxlar<\/strong><br \/>V\u00e5ra drivaxlar levereras med infr\u00e4st vridlinje f\u00f6r att kunna indikera eventuell best\u00e5ende vridning. Efter v\u00e5r speciella 2-stegs h\u00e4rdning \u00e4r dom kulpenade samt rostskyddade.\u00a0 <a href=\"http:\/\/unicus.se\/wp-content\/uploads\/2020\/06\/Info-sheet-Drive-shaft-bar-shaft.pdf\">Produktblad (pdf)<\/a><\/figcaption><\/figure>\n<figure id=\"attachment_273\" aria-describedby=\"caption-attachment-273\" style=\"width: 300px\" class=\"wp-caption alignnone\"><a href=\"http:\/\/unicus.se\/wp-content\/uploads\/2016\/06\/H\u00c5L-BORAD-0056.jpg\" rel=\"attachment wp-att-273\"><img loading=\"lazy\" decoding=\"async\" class=\"wp-image-273 size-medium\" src=\"http:\/\/unicus.se\/wp-content\/uploads\/2016\/06\/H\u00c5L-BORAD-0056-300x200.jpg\" alt=\"H\u00e5lborrad axel\" width=\"300\" height=\"200\" srcset=\"http:\/\/unicus.se\/wp-content\/uploads\/2016\/06\/H\u00c5L-BORAD-0056-300x200.jpg 300w, http:\/\/unicus.se\/wp-content\/uploads\/2016\/06\/H\u00c5L-BORAD-0056-768x512.jpg 768w, http:\/\/unicus.se\/wp-content\/uploads\/2016\/06\/H\u00c5L-BORAD-0056-1024x683.jpg 1024w, http:\/\/unicus.se\/wp-content\/uploads\/2016\/06\/H\u00c5L-BORAD-0056.jpg 1701w\" sizes=\"auto, (max-width: 300px) 100vw, 300px\" \/><\/a><figcaption id=\"caption-attachment-273\" class=\"wp-caption-text\"><strong>H\u00e5lborrad axel<\/strong><br \/>Vi anv\u00e4nder h\u00e5lborrade axlar f\u00f6r den som vill kosta p\u00e5 lite extra f\u00f6r att optimera vikten.<\/figcaption><\/figure>\n<figure id=\"attachment_271\" aria-describedby=\"caption-attachment-271\" style=\"width: 300px\" class=\"wp-caption alignnone\"><a href=\"http:\/\/unicus.se\/wp-content\/uploads\/2016\/06\/DIV-AXLAR-0113.jpg\" rel=\"attachment wp-att-271\"><img loading=\"lazy\" decoding=\"async\" class=\"size-medium wp-image-271\" src=\"http:\/\/unicus.se\/wp-content\/uploads\/2016\/06\/DIV-AXLAR-0113-300x200.jpg\" alt=\"Div. axlar\" width=\"300\" height=\"200\" srcset=\"http:\/\/unicus.se\/wp-content\/uploads\/2016\/06\/DIV-AXLAR-0113-300x200.jpg 300w, http:\/\/unicus.se\/wp-content\/uploads\/2016\/06\/DIV-AXLAR-0113-768x512.jpg 768w, http:\/\/unicus.se\/wp-content\/uploads\/2016\/06\/DIV-AXLAR-0113-1024x683.jpg 1024w, http:\/\/unicus.se\/wp-content\/uploads\/2016\/06\/DIV-AXLAR-0113.jpg 1701w\" sizes=\"auto, (max-width: 300px) 100vw, 300px\" \/><\/a><figcaption id=\"caption-attachment-271\" class=\"wp-caption-text\"><strong>Div. axlar<\/strong><\/figcaption><\/figure>\n<figure id=\"attachment_280\" aria-describedby=\"caption-attachment-280\" style=\"width: 300px\" class=\"wp-caption alignnone\"><a href=\"http:\/\/unicus.se\/wp-content\/uploads\/2016\/06\/TULIP-TRIPOD-0035.jpg\" rel=\"attachment wp-att-280\"><img loading=\"lazy\" decoding=\"async\" class=\"size-medium wp-image-280\" src=\"http:\/\/unicus.se\/wp-content\/uploads\/2016\/06\/TULIP-TRIPOD-0035-300x200.jpg\" alt=\"Tulip &amp;Tripod\" width=\"300\" height=\"200\" srcset=\"http:\/\/unicus.se\/wp-content\/uploads\/2016\/06\/TULIP-TRIPOD-0035-300x200.jpg 300w, http:\/\/unicus.se\/wp-content\/uploads\/2016\/06\/TULIP-TRIPOD-0035-768x512.jpg 768w, http:\/\/unicus.se\/wp-content\/uploads\/2016\/06\/TULIP-TRIPOD-0035-1024x683.jpg 1024w, http:\/\/unicus.se\/wp-content\/uploads\/2016\/06\/TULIP-TRIPOD-0035.jpg 1701w\" sizes=\"auto, (max-width: 300px) 100vw, 300px\" \/><\/a><figcaption id=\"caption-attachment-280\" class=\"wp-caption-text\"><strong>Tripod &amp; Tulip <\/strong> <br \/>Vi anv\u00e4nder samma typ av GKN-Tripod som sitter i dom flesta WRC-bilar. \u00a0Den har h\u00f6g verkningsgrad och klarar stora vinklar. V\u00e5ra l\u00e5nga &#8221;Tulipar&#8221; ger upp till 60mm &#8221;plunge&#8221; vilket\u00a0g\u00f6r det m\u00f6jligt att placera framdiff, transaxel och d\u00e4rmed \u00e4ven motorn l\u00e4gre i bilen.\u00a0 <a href=\"http:\/\/unicus.se\/wp-content\/uploads\/2020\/04\/Produktblad-Tripod-o-Tulip.pdf\">Produktblad (pdf)<\/a><\/figcaption><\/figure>\n<figure id=\"attachment_275\" aria-describedby=\"caption-attachment-275\" style=\"width: 300px\" class=\"wp-caption alignnone\"><a href=\"http:\/\/unicus.se\/wp-content\/uploads\/2016\/06\/CW-KNUT-0019.jpg\" rel=\"attachment wp-att-275\"><img loading=\"lazy\" decoding=\"async\" class=\"wp-image-275 size-medium\" src=\"http:\/\/unicus.se\/wp-content\/uploads\/2016\/06\/CW-KNUT-0019-300x200.jpg\" alt=\"CW knut\" width=\"300\" height=\"200\" srcset=\"http:\/\/unicus.se\/wp-content\/uploads\/2016\/06\/CW-KNUT-0019-300x200.jpg 300w, http:\/\/unicus.se\/wp-content\/uploads\/2016\/06\/CW-KNUT-0019-768x512.jpg 768w, http:\/\/unicus.se\/wp-content\/uploads\/2016\/06\/CW-KNUT-0019-1024x683.jpg 1024w, http:\/\/unicus.se\/wp-content\/uploads\/2016\/06\/CW-KNUT-0019.jpg 1701w\" sizes=\"auto, (max-width: 300px) 100vw, 300px\" \/><\/a><figcaption id=\"caption-attachment-275\" class=\"wp-caption-text\"><strong>CV-knutar <\/strong>\u00a0\u2013 \u00a0i l\u00e4ttviktsutf\u00f6rande och med extra stort axialspel (34 mm vid vinkel 0). Ytter \u00d8108 mm. Sex h\u00e5l f\u00f6r 10 mm skruvar p\u00e5 delnings \u00d894. Splineh\u00e5l z28 (= motorsport) med inv\u00e4ndigt sp\u00e5r f\u00f6r stoppring som beh\u00f6vs f\u00f6r vissa typer av drivaxlar. Finns i tv\u00e5 bredder: 32 och 40 mm. Knutarna har ingen f\u00f6rsp\u00e4nning dvs &#8221;easy motion&#8221; och beh\u00f6ver ingen ink\u00f6rning.\u00a0 \u00a0<a href=\"http:\/\/unicus.se\/wp-content\/uploads\/2020\/04\/Produktblad-CV-knut.pdf\">Produktblad (pdf)<\/a><\/figcaption><\/figure>\n<figure id=\"attachment_276\" aria-describedby=\"caption-attachment-276\" style=\"width: 300px\" class=\"wp-caption alignnone\"><a href=\"http:\/\/unicus.se\/wp-content\/uploads\/2016\/06\/B\u00c4LGAR-SKRUV-TILL-CW-KNUT-0074.jpg\" rel=\"attachment wp-att-276\"><img loading=\"lazy\" decoding=\"async\" class=\"wp-image-276 size-medium\" src=\"http:\/\/unicus.se\/wp-content\/uploads\/2016\/06\/B\u00c4LGAR-SKRUV-TILL-CW-KNUT-0074-300x200.jpg\" alt=\"B\u00e4lgar och skruv till CW knut\" width=\"300\" height=\"200\" srcset=\"http:\/\/unicus.se\/wp-content\/uploads\/2016\/06\/B\u00c4LGAR-SKRUV-TILL-CW-KNUT-0074-300x200.jpg 300w, http:\/\/unicus.se\/wp-content\/uploads\/2016\/06\/B\u00c4LGAR-SKRUV-TILL-CW-KNUT-0074-768x512.jpg 768w, http:\/\/unicus.se\/wp-content\/uploads\/2016\/06\/B\u00c4LGAR-SKRUV-TILL-CW-KNUT-0074-1024x683.jpg 1024w, http:\/\/unicus.se\/wp-content\/uploads\/2016\/06\/B\u00c4LGAR-SKRUV-TILL-CW-KNUT-0074.jpg 1701w\" sizes=\"auto, (max-width: 300px) 100vw, 300px\" \/><\/a><figcaption id=\"caption-attachment-276\" class=\"wp-caption-text\"><strong>B\u00e4lgar och skruv till CV-knut \u00d8108\u00a0 \u00a0 \u00a0\u00a0<\/strong><br \/><a href=\"http:\/\/unicus.se\/wp-content\/uploads\/2020\/04\/Produktblad-b\u00e4lgar-och-skruv-till-CW-knut-2.pdf\">Produktblad (pdf)<\/a><\/figcaption><\/figure>\n<figure id=\"attachment_279\" aria-describedby=\"caption-attachment-279\" style=\"width: 300px\" class=\"wp-caption alignnone\"><a href=\"http:\/\/unicus.se\/wp-content\/uploads\/2016\/06\/Y-KNUT-UNIC-0063.jpg\" rel=\"attachment wp-att-279\"><img loading=\"lazy\" decoding=\"async\" class=\"wp-image-279 size-medium\" src=\"http:\/\/unicus.se\/wp-content\/uploads\/2016\/06\/Y-KNUT-UNIC-0063-300x200.jpg\" alt=\"Yttre knut, UNIC\" width=\"300\" height=\"200\" srcset=\"http:\/\/unicus.se\/wp-content\/uploads\/2016\/06\/Y-KNUT-UNIC-0063-300x200.jpg 300w, http:\/\/unicus.se\/wp-content\/uploads\/2016\/06\/Y-KNUT-UNIC-0063-768x512.jpg 768w, http:\/\/unicus.se\/wp-content\/uploads\/2016\/06\/Y-KNUT-UNIC-0063-1024x683.jpg 1024w, http:\/\/unicus.se\/wp-content\/uploads\/2016\/06\/Y-KNUT-UNIC-0063.jpg 1701w\" sizes=\"auto, (max-width: 300px) 100vw, 300px\" \/><\/a><figcaption id=\"caption-attachment-279\" class=\"wp-caption-text\"><strong>Yttre knut &#8221;UNIC&#8221;<\/strong>\u00a0<br \/>Denna \u00e4r baserad p\u00e5 en ny typ av GKN-knut med 8 kulor som trots sin mindre ytterdiameter (\u00d894) klarar st\u00f6rre belastning och styrvinkel \u00e4n konventionella &#8221;6-kulors&#8221; knutar. Den har ocks\u00e5 b\u00e4ttre verkningsgrad (d.v.s. g\u00e5r l\u00e4ttare i vinklat l\u00e4ge). \u00a0Splineh\u00e5let f\u00f6r drivaxeln \u00e4r st\u00f6rre (z28) f\u00f6r att ge plats \u00e5t en kraftigare drivaxel.\u00a0 Denna knut kan hantera st\u00f6rre vridmoment och vinkel \u00e4n de konventionella &#8221;6 kullederna&#8221; och effektiviteten \u00e4r ocks\u00e5 b\u00e4ttre. B\u00e4lgen vi anv\u00e4nder \u00e4r extra stark och har en max diameter p\u00e5 ca112 mm n\u00e4r den \u00e4r monterad.\u00a0 <a href=\"http:\/\/unicus.se\/wp-content\/uploads\/2020\/04\/Produktblad-Yttre-knut-UNIC-1.pdf\">Produktblad (pdf)<\/a><\/figcaption><\/figure>\n<figure id=\"attachment_278\" aria-describedby=\"caption-attachment-278\" style=\"width: 300px\" class=\"wp-caption alignnone\"><a href=\"http:\/\/unicus.se\/wp-content\/uploads\/2016\/06\/R5-Y-KNUT-MED-B\u00c4LG-0059.jpg\" rel=\"attachment wp-att-278\"><img loading=\"lazy\" decoding=\"async\" class=\"wp-image-278 size-medium\" src=\"http:\/\/unicus.se\/wp-content\/uploads\/2016\/06\/R5-Y-KNUT-MED-B\u00c4LG-0059-300x200.jpg\" alt=\"R5 Yttre knut med b\u00e4lg\" width=\"300\" height=\"200\" srcset=\"http:\/\/unicus.se\/wp-content\/uploads\/2016\/06\/R5-Y-KNUT-MED-B\u00c4LG-0059-300x200.jpg 300w, http:\/\/unicus.se\/wp-content\/uploads\/2016\/06\/R5-Y-KNUT-MED-B\u00c4LG-0059-768x512.jpg 768w, http:\/\/unicus.se\/wp-content\/uploads\/2016\/06\/R5-Y-KNUT-MED-B\u00c4LG-0059-1024x683.jpg 1024w, http:\/\/unicus.se\/wp-content\/uploads\/2016\/06\/R5-Y-KNUT-MED-B\u00c4LG-0059.jpg 1701w\" sizes=\"auto, (max-width: 300px) 100vw, 300px\" \/><\/a><figcaption id=\"caption-attachment-278\" class=\"wp-caption-text\"><strong>Yttre knut &#8221;R5&#8221; \u00a0 \u00a0 \u00a0 \u00a0 \u00a0 \u00a0 \u00a0 \u00a0 \u00a0 \u00a0 \u00a0 \u00a0 \u00a0 \u00a0 \u00a0 \u00a0 \u00a0 \u00a0 \u00a0 \u00a0 \u00a0 \u00a0\u00a0<\/strong>Denna knut anv\u00e4nds p\u00e5 flera R5 &#8211; Rallybilar och \u00e4r baserad p\u00e5 samma som ovanst\u00e5ende, men med en annan yttre form med ytterdiameter 93mm. Vikten \u00e4r n\u00e5got mer \u00e4n Unic-knuten. Den kan anv\u00e4ndas f\u00f6r Rallycross\u00a0 SuperCar mm d\u00e4r h\u00f6gra krav p\u00e5 styrka ochj l\u00e5g vikt finns samt n\u00e4r det finns ett begr\u00e4nsat diameter-utrymme i spindeln. B\u00e4lgen har en slankare form med max diameter p\u00e5 102mm m\u00e4tt p\u00e5 en monterad knut. <a href=\"http:\/\/unicus.se\/wp-content\/uploads\/2020\/04\/Produktblad-Yttre-knut-R5.pdf\">Produktblad (pdf)<\/a><\/figcaption><\/figure>\n<figure id=\"attachment_277\" aria-describedby=\"caption-attachment-277\" style=\"width: 300px\" class=\"wp-caption alignnone\"><a href=\"http:\/\/unicus.se\/wp-content\/uploads\/2016\/06\/KMS-KNUT-MED-B\u00c4LG-0065.jpg\" rel=\"attachment wp-att-277\"><img loading=\"lazy\" decoding=\"async\" class=\"wp-image-277 size-medium\" src=\"http:\/\/unicus.se\/wp-content\/uploads\/2016\/06\/KMS-KNUT-MED-B\u00c4LG-0065-300x200.jpg\" alt=\"KMS-knut med b\u00e4lg\" width=\"300\" height=\"200\" srcset=\"http:\/\/unicus.se\/wp-content\/uploads\/2016\/06\/KMS-KNUT-MED-B\u00c4LG-0065-300x200.jpg 300w, http:\/\/unicus.se\/wp-content\/uploads\/2016\/06\/KMS-KNUT-MED-B\u00c4LG-0065-768x512.jpg 768w, http:\/\/unicus.se\/wp-content\/uploads\/2016\/06\/KMS-KNUT-MED-B\u00c4LG-0065-1024x683.jpg 1024w, http:\/\/unicus.se\/wp-content\/uploads\/2016\/06\/KMS-KNUT-MED-B\u00c4LG-0065.jpg 1701w\" sizes=\"auto, (max-width: 300px) 100vw, 300px\" \/><\/a><figcaption id=\"caption-attachment-277\" class=\"wp-caption-text\"><strong>Yttre knut av specialutf\u00f6rande \u00a0<\/strong>\u00a0 \u00a0 \u00a0 \u00a0 \u00a0 \u00a0 \u00a0Knuten p\u00e5 bilden anv\u00e4nds b\u00e5de i Rally och Rallycross och \u00e4r baserad p\u00e5 samma GKN-knut som dom ovanst\u00e5ende. <a href=\"http:\/\/unicus.se\/wp-content\/uploads\/2020\/04\/Produktblad-Yttre-knut-special.pdf\">Produktblad (pdf)<\/a><\/figcaption><\/figure>\n<figure id=\"attachment_754\" aria-describedby=\"caption-attachment-754\" style=\"width: 300px\" class=\"wp-caption alignnone\"><img loading=\"lazy\" decoding=\"async\" class=\"size-medium wp-image-754\" src=\"http:\/\/unicus.se\/wp-content\/uploads\/2016\/06\/IMG_7744-Drivaxek-R5-CV-72dpi-300x210.jpg\" alt=\"\" width=\"300\" height=\"210\" srcset=\"http:\/\/unicus.se\/wp-content\/uploads\/2016\/06\/IMG_7744-Drivaxek-R5-CV-72dpi-300x210.jpg 300w, http:\/\/unicus.se\/wp-content\/uploads\/2016\/06\/IMG_7744-Drivaxek-R5-CV-72dpi.jpg 510w\" sizes=\"auto, (max-width: 300px) 100vw, 300px\" \/><figcaption id=\"caption-attachment-754\" class=\"wp-caption-text\"><strong>Drivaxel med &#8221;R5&#8221; ytterknut och CV-knut \u00d8108&#215;40<\/strong><\/figcaption><\/figure>\n<figure id=\"attachment_753\" aria-describedby=\"caption-attachment-753\" style=\"width: 300px\" class=\"wp-caption alignnone\"><img loading=\"lazy\" decoding=\"async\" class=\"size-medium wp-image-753\" src=\"http:\/\/unicus.se\/wp-content\/uploads\/2016\/06\/IMG_7742-Drivaxel-UNIC-med-tripod-72dpi-300x210.jpg\" alt=\"\" width=\"300\" height=\"210\" srcset=\"http:\/\/unicus.se\/wp-content\/uploads\/2016\/06\/IMG_7742-Drivaxel-UNIC-med-tripod-72dpi-300x210.jpg 300w, http:\/\/unicus.se\/wp-content\/uploads\/2016\/06\/IMG_7742-Drivaxel-UNIC-med-tripod-72dpi.jpg 510w\" sizes=\"auto, (max-width: 300px) 100vw, 300px\" \/><figcaption id=\"caption-attachment-753\" class=\"wp-caption-text\"><strong>Drivaxel med &#8221;UNIC&#8221; ytterknut och tripod<\/strong><\/figcaption><\/figure>\n<figure id=\"attachment_748\" aria-describedby=\"caption-attachment-748\" style=\"width: 300px\" class=\"wp-caption alignnone\"><img loading=\"lazy\" decoding=\"async\" class=\"size-medium wp-image-748\" src=\"http:\/\/unicus.se\/wp-content\/uploads\/2016\/06\/IMG_7737Drivaxel-R5-kopia-300x200.jpg\" alt=\"\" width=\"300\" height=\"200\" \/><figcaption id=\"caption-attachment-748\" class=\"wp-caption-text\"><strong>Drivaxel med &#8221;R5&#8221; ytterknut och tripod<\/strong><\/figcaption><\/figure>\n<figure id=\"attachment_274\" aria-describedby=\"caption-attachment-274\" style=\"width: 300px\" class=\"wp-caption alignnone\"><a href=\"http:\/\/unicus.se\/wp-content\/uploads\/2016\/06\/M\u00c4T-DRIVAXLAR-0049.jpg\" rel=\"attachment wp-att-274\"><img loading=\"lazy\" decoding=\"async\" class=\"wp-image-274 size-medium\" src=\"http:\/\/unicus.se\/wp-content\/uploads\/2016\/06\/M\u00c4T-DRIVAXLAR-0049-300x200.jpg\" alt=\"M\u00e4t-drivaxlar\" width=\"300\" height=\"200\" srcset=\"http:\/\/unicus.se\/wp-content\/uploads\/2016\/06\/M\u00c4T-DRIVAXLAR-0049-300x200.jpg 300w, http:\/\/unicus.se\/wp-content\/uploads\/2016\/06\/M\u00c4T-DRIVAXLAR-0049-768x512.jpg 768w, http:\/\/unicus.se\/wp-content\/uploads\/2016\/06\/M\u00c4T-DRIVAXLAR-0049-1024x683.jpg 1024w, http:\/\/unicus.se\/wp-content\/uploads\/2016\/06\/M\u00c4T-DRIVAXLAR-0049.jpg 1701w\" sizes=\"auto, (max-width: 300px) 100vw, 300px\" \/><\/a><figcaption id=\"caption-attachment-274\" class=\"wp-caption-text\"><strong>M\u00e4t-drivaxlar<\/strong> <br \/>V\u00e5ra m\u00e4t-drivaxlar kan l\u00e5nas ut till kunder f\u00f6r att best\u00e4mma drivaxell\u00e4ngder. Dessa finns f\u00f6r v\u00e5ra vanligaste varianter av knutar. Med en m\u00e4tdrivaxel f\u00e5r man en snabb och s\u00e4ker m\u00e4tning av vilken l\u00e4ngd axlarna skall ha. F\u00f6r att vara s\u00e4ker p\u00e5 att det finns marginal f\u00f6r knutens axelspel i alla l\u00e4gen s\u00e5 b\u00f6r hela fj\u00e4dringsr\u00f6relsen provas (inkl. bumpstopp-str\u00e4cka) samt med\u00a0fullt styrutslag \u00e5t b\u00e5da h\u00e5ll i b\u00e5da \u00e4ndl\u00e4gen.\u00a0 <a href=\"http:\/\/unicus.se\/wp-content\/uploads\/2020\/04\/Produktblad-M\u00e4tdrivaxlar.pdf\">Produktblad (pdf)<\/a><\/figcaption><\/figure>\n<figure id=\"attachment_270\" aria-describedby=\"caption-attachment-270\" style=\"width: 300px\" class=\"wp-caption alignnone\"><a href=\"http:\/\/unicus.se\/wp-content\/uploads\/2016\/06\/R\u00d6R-DRIVAXEL-FRAM-KOMPLET-0091.jpg\" rel=\"attachment wp-att-270\"><img loading=\"lazy\" decoding=\"async\" class=\"size-medium wp-image-270\" src=\"http:\/\/unicus.se\/wp-content\/uploads\/2016\/06\/R\u00d6R-DRIVAXEL-FRAM-KOMPLET-0091-300x200.jpg\" alt=\"R\u00f6rdrivaxel fram, komplett\" width=\"300\" height=\"200\" srcset=\"http:\/\/unicus.se\/wp-content\/uploads\/2016\/06\/R\u00d6R-DRIVAXEL-FRAM-KOMPLET-0091-300x200.jpg 300w, http:\/\/unicus.se\/wp-content\/uploads\/2016\/06\/R\u00d6R-DRIVAXEL-FRAM-KOMPLET-0091-768x512.jpg 768w, http:\/\/unicus.se\/wp-content\/uploads\/2016\/06\/R\u00d6R-DRIVAXEL-FRAM-KOMPLET-0091-1024x683.jpg 1024w, http:\/\/unicus.se\/wp-content\/uploads\/2016\/06\/R\u00d6R-DRIVAXEL-FRAM-KOMPLET-0091.jpg 1701w\" sizes=\"auto, (max-width: 300px) 100vw, 300px\" \/><\/a><figcaption id=\"caption-attachment-270\" class=\"wp-caption-text\"><strong>R\u00f6rdrivaxel fram, komplett\u00a0<\/strong><\/figcaption><\/figure>\n<figure id=\"attachment_272\" aria-describedby=\"caption-attachment-272\" style=\"width: 300px\" class=\"wp-caption alignnone\"><a href=\"http:\/\/unicus.se\/wp-content\/uploads\/2016\/06\/TRANS-AXEL-0079.jpg\" rel=\"attachment wp-att-272\"><img loading=\"lazy\" decoding=\"async\" class=\"wp-image-272 size-medium\" src=\"http:\/\/unicus.se\/wp-content\/uploads\/2016\/06\/TRANS-AXEL-0079-300x200.jpg\" alt=\"Transaxel\" width=\"300\" height=\"200\" srcset=\"http:\/\/unicus.se\/wp-content\/uploads\/2016\/06\/TRANS-AXEL-0079-300x200.jpg 300w, http:\/\/unicus.se\/wp-content\/uploads\/2016\/06\/TRANS-AXEL-0079-768x512.jpg 768w, http:\/\/unicus.se\/wp-content\/uploads\/2016\/06\/TRANS-AXEL-0079-1024x683.jpg 1024w, http:\/\/unicus.se\/wp-content\/uploads\/2016\/06\/TRANS-AXEL-0079.jpg 1701w\" sizes=\"auto, (max-width: 300px) 100vw, 300px\" \/><\/a><figcaption id=\"caption-attachment-272\" class=\"wp-caption-text\"><strong>Transaxel<\/strong> = axel fr\u00e5n framdiff ut till v\u00e4nster drivaxel (ligger mitt under motorn). Transaxeln har en &#8221;tulip&#8221;, d.v.s. yttre delen av tripodknuten, samt ett st\u00f6dlager som monteras i framvagnsbryggan. Vi anv\u00e4nder uteslutande tripodknutar fram p.g.a. att dessa ger m\u00f6jlighet till l\u00e4gre motorplacering. Tulip och st\u00f6dlager kan demonteras fr\u00e5n axeln. Det finns en standardl\u00e4ngd p\u00e5 denna axel men andra l\u00e4ngder tillverkas vid behov.\u00a0 F\u00f6r mer info se: Slutv\u00e4xelenhet Fram.<\/figcaption><\/figure>\n<figure id=\"attachment_758\" aria-describedby=\"caption-attachment-758\" style=\"width: 300px\" class=\"wp-caption alignnone\"><img loading=\"lazy\" decoding=\"async\" class=\"size-medium wp-image-758\" src=\"http:\/\/unicus.se\/wp-content\/uploads\/2016\/06\/IMG_7741-Kardanst\u00e5ng-l\u00e5ng-och-kort-72dpi-300x210.jpg\" alt=\"\" width=\"300\" height=\"210\" srcset=\"http:\/\/unicus.se\/wp-content\/uploads\/2016\/06\/IMG_7741-Kardanst\u00e5ng-l\u00e5ng-och-kort-72dpi-300x210.jpg 300w, http:\/\/unicus.se\/wp-content\/uploads\/2016\/06\/IMG_7741-Kardanst\u00e5ng-l\u00e5ng-och-kort-72dpi.jpg 510w\" sizes=\"auto, (max-width: 300px) 100vw, 300px\" \/><figcaption id=\"caption-attachment-758\" class=\"wp-caption-text\"><strong>Kardanaxlar &#8221;light weight&#8221; ca 7.5 kg\/par\u00a0\u00a0\u00a0(for Rallycross SuperCar)<\/strong><\/figcaption><\/figure>\n<p><figure id=\"attachment_260\" aria-describedby=\"caption-attachment-260\" style=\"width: 300px\" class=\"wp-caption alignnone\"><a href=\"http:\/\/unicus.se\/wp-content\/uploads\/2016\/06\/HJULLAGER-ENHET-MED-FL\u00c4NS-OCH-SKRUV-0078.jpg\" rel=\"attachment wp-att-260\"><img loading=\"lazy\" decoding=\"async\" class=\"wp-image-260 size-medium\" src=\"http:\/\/unicus.se\/wp-content\/uploads\/2016\/06\/HJULLAGER-ENHET-MED-FL\u00c4NS-OCH-SKRUV-0078-300x200.jpg\" alt=\"Hjullager-enhet med fl\u00e4ns och skruv\" width=\"300\" height=\"200\" srcset=\"http:\/\/unicus.se\/wp-content\/uploads\/2016\/06\/HJULLAGER-ENHET-MED-FL\u00c4NS-OCH-SKRUV-0078-300x200.jpg 300w, http:\/\/unicus.se\/wp-content\/uploads\/2016\/06\/HJULLAGER-ENHET-MED-FL\u00c4NS-OCH-SKRUV-0078-768x512.jpg 768w, http:\/\/unicus.se\/wp-content\/uploads\/2016\/06\/HJULLAGER-ENHET-MED-FL\u00c4NS-OCH-SKRUV-0078-1024x683.jpg 1024w, http:\/\/unicus.se\/wp-content\/uploads\/2016\/06\/HJULLAGER-ENHET-MED-FL\u00c4NS-OCH-SKRUV-0078.jpg 1701w\" sizes=\"auto, (max-width: 300px) 100vw, 300px\" \/><\/a><figcaption id=\"caption-attachment-260\" class=\"wp-caption-text\"><strong>Hjullagerenhet<\/strong><br \/>Hjullager och fl\u00e4ns som passar ihop med v\u00e5r ytterknut &#8221;Unic&#8221; (se drivaxlar &amp; knutar). <br \/>&#8211; Denna lagerenhet ihop med en spindeldel av h\u00f6gh\u00e5llfast aluminium ger tillsammans en hjulspindel av h\u00f6gsta WRC niv\u00e5 map. vikt och stabilitet men med betydligt l\u00e4ngre serviceintervaller.<br \/>&#8211; Lagret \u00e4r kompakt vilket ger en l\u00e4ngre drivaxel som betyder mindre knut-vinklar. <br \/>&#8211; Lagret har magnetinl\u00e4gg f\u00f6r varvtalssensor. <br \/>&#8211; Fl\u00e4nsen har 5 st. g\u00e4ngh\u00e5l M14x1,5 med deln.diam. 112mm. <br \/>&#8211; Som option finns en\u00a0f\u00e4lg-styrning som underl\u00e4ttar montering av hjul (ljusf\u00e4rgad p\u00e5 bilden).\u00a0\u00a0\u00a0<a href=\"http:\/\/unicus.se\/wp-content\/uploads\/2020\/04\/Produktblad-Hjullagerenhet-1.pdf\">Produktblad (pdf)<\/a><\/figcaption><\/figure><\/p>","protected":false},"excerpt":{"rendered":"<p>Vi levererar alla drivaxlar till v\u00e5ra transmissioner med kundanpassade l\u00e4ngder och vi tillverkar \u00e4ven till andra bilar med valfri l\u00e4ngd och spline. Vi erbjuder \u00e4ven h\u00e5lborrade drivaxlar f\u00f6r viktoptimering. Till v\u00e5ra drivaxlar har vi valt att anv\u00e4nda\u00a0OVAKO&#8217;s\u00a0h\u00f6gklassiga \u201dIQ-st\u00e5l\u201d vars tillverkningsprocesser <a class=\"more-link\" href=\"http:\/\/unicus.se\/?page_id=236\">Forts\u00e4tt l\u00e4sa <span class=\"screen-reader-text\">  Drivaxlar, Knutar, Hjullagerenhet<\/span><span class=\"meta-nav\">&rarr;<\/span><\/a><\/p>\n","protected":false},"author":3,"featured_media":0,"parent":0,"menu_order":0,"comment_status":"closed","ping_status":"closed","template":"","meta":{"footnotes":""},"class_list":["post-236","page","type-page","status-publish","hentry"],"_links":{"self":[{"href":"http:\/\/unicus.se\/index.php?rest_route=\/wp\/v2\/pages\/236","targetHints":{"allow":["GET"]}}],"collection":[{"href":"http:\/\/unicus.se\/index.php?rest_route=\/wp\/v2\/pages"}],"about":[{"href":"http:\/\/unicus.se\/index.php?rest_route=\/wp\/v2\/types\/page"}],"author":[{"embeddable":true,"href":"http:\/\/unicus.se\/index.php?rest_route=\/wp\/v2\/users\/3"}],"replies":[{"embeddable":true,"href":"http:\/\/unicus.se\/index.php?rest_route=%2Fwp%2Fv2%2Fcomments&post=236"}],"version-history":[{"count":144,"href":"http:\/\/unicus.se\/index.php?rest_route=\/wp\/v2\/pages\/236\/revisions"}],"predecessor-version":[{"id":1395,"href":"http:\/\/unicus.se\/index.php?rest_route=\/wp\/v2\/pages\/236\/revisions\/1395"}],"wp:attachment":[{"href":"http:\/\/unicus.se\/index.php?rest_route=%2Fwp%2Fv2%2Fmedia&parent=236"}],"curies":[{"name":"wp","href":"https:\/\/api.w.org\/{rel}","templated":true}]}}