{"id":1595,"date":"2023-01-03T20:23:27","date_gmt":"2023-01-03T20:23:27","guid":{"rendered":"https:\/\/unicus.se\/?page_id=1595"},"modified":"2023-01-07T13:39:57","modified_gmt":"2023-01-07T13:39:57","slug":"kopplingar-en-och-2-skivig","status":"publish","type":"page","link":"https:\/\/unicus.se\/?page_id=1595","title":{"rendered":"Koppling  (1 och 2-lamell)"},"content":{"rendered":"<p><figure id=\"attachment_1601\" aria-describedby=\"caption-attachment-1601\" style=\"width: 300px\" class=\"wp-caption alignnone\"><img loading=\"lazy\" decoding=\"async\" class=\"wp-image-1601 size-medium\" src=\"http:\/\/unicus.se\/wp-content\/uploads\/2023\/01\/Clutch-TTV-185-Singel-72ppi-300x200.jpg\" alt=\"\" width=\"300\" height=\"200\" srcset=\"https:\/\/unicus.se\/wp-content\/uploads\/2023\/01\/Clutch-TTV-185-Singel-72ppi-300x200.jpg 300w, https:\/\/unicus.se\/wp-content\/uploads\/2023\/01\/Clutch-TTV-185-Singel-72ppi-1024x683.jpg 1024w, https:\/\/unicus.se\/wp-content\/uploads\/2023\/01\/Clutch-TTV-185-Singel-72ppi-768x512.jpg 768w, https:\/\/unicus.se\/wp-content\/uploads\/2023\/01\/Clutch-TTV-185-Singel-72ppi-1536x1024.jpg 1536w, https:\/\/unicus.se\/wp-content\/uploads\/2023\/01\/Clutch-TTV-185-Singel-72ppi-2048x1365.jpg 2048w\" sizes=\"auto, (max-width: 300px) 100vw, 300px\" \/><figcaption id=\"caption-attachment-1601\" class=\"wp-caption-text\"><strong> Sinterkoppling, 1-skivig lamell \u00d8185 med 4 nitade puckar av t\u00e5lig &#8221;cera metall&#8221;.\u00a0 Splineh\u00e5l\u00a0 Ford 1&#8243; z23. Navet sitter med 12 kraftiga nitar.<\/strong><\/figcaption><\/figure><\/p>\n<p><figure id=\"attachment_1602\" aria-describedby=\"caption-attachment-1602\" style=\"width: 300px\" class=\"wp-caption alignnone\"><img loading=\"lazy\" decoding=\"async\" class=\"wp-image-1602 size-medium\" src=\"http:\/\/unicus.se\/wp-content\/uploads\/2023\/01\/Clutch-TTV-185-Twin-72ppi-300x200.jpg\" alt=\"\" width=\"300\" height=\"200\" srcset=\"https:\/\/unicus.se\/wp-content\/uploads\/2023\/01\/Clutch-TTV-185-Twin-72ppi-300x200.jpg 300w, https:\/\/unicus.se\/wp-content\/uploads\/2023\/01\/Clutch-TTV-185-Twin-72ppi-1024x683.jpg 1024w, https:\/\/unicus.se\/wp-content\/uploads\/2023\/01\/Clutch-TTV-185-Twin-72ppi-768x512.jpg 768w, https:\/\/unicus.se\/wp-content\/uploads\/2023\/01\/Clutch-TTV-185-Twin-72ppi-1536x1024.jpg 1536w, https:\/\/unicus.se\/wp-content\/uploads\/2023\/01\/Clutch-TTV-185-Twin-72ppi-2048x1365.jpg 2048w\" sizes=\"auto, (max-width: 300px) 100vw, 300px\" \/><figcaption id=\"caption-attachment-1602\" class=\"wp-caption-text\"><strong> Sinterkoppling, 2-skivig, lamell \u00d8185 med 6 sintrade puckar av t\u00e5lig &#8221;cera metall&#8221;.\u00a0 Splineh\u00e5l\u00a0 Ford 1&#8243; z23.\u00a0 Naven sitter med 8 kraftiga nitar. Fr\u00e4mre nav har lite urtag f\u00f6r bakre nav s\u00e5 att dom bildar en kompakt enhet.<\/strong><\/figcaption><\/figure><\/p>","protected":false},"excerpt":{"rendered":"","protected":false},"author":3,"featured_media":0,"parent":0,"menu_order":0,"comment_status":"closed","ping_status":"closed","template":"","meta":{"footnotes":""},"class_list":["post-1595","page","type-page","status-publish","hentry"],"_links":{"self":[{"href":"https:\/\/unicus.se\/index.php?rest_route=\/wp\/v2\/pages\/1595","targetHints":{"allow":["GET"]}}],"collection":[{"href":"https:\/\/unicus.se\/index.php?rest_route=\/wp\/v2\/pages"}],"about":[{"href":"https:\/\/unicus.se\/index.php?rest_route=\/wp\/v2\/types\/page"}],"author":[{"embeddable":true,"href":"https:\/\/unicus.se\/index.php?rest_route=\/wp\/v2\/users\/3"}],"replies":[{"embeddable":true,"href":"https:\/\/unicus.se\/index.php?rest_route=%2Fwp%2Fv2%2Fcomments&post=1595"}],"version-history":[{"count":8,"href":"https:\/\/unicus.se\/index.php?rest_route=\/wp\/v2\/pages\/1595\/revisions"}],"predecessor-version":[{"id":1612,"href":"https:\/\/unicus.se\/index.php?rest_route=\/wp\/v2\/pages\/1595\/revisions\/1612"}],"wp:attachment":[{"href":"https:\/\/unicus.se\/index.php?rest_route=%2Fwp%2Fv2%2Fmedia&parent=1595"}],"curies":[{"name":"wp","href":"https:\/\/api.w.org\/{rel}","templated":true}]}}