{"id":226,"date":"2016-06-13T10:40:41","date_gmt":"2016-06-13T10:40:41","guid":{"rendered":"http:\/\/unicus.se\/?page_id=226"},"modified":"2022-01-03T12:40:46","modified_gmt":"2022-01-03T12:40:46","slug":"supercardelar","status":"publish","type":"page","link":"https:\/\/unicus.se\/?page_id=226","title":{"rendered":"Transmissionsenheter"},"content":{"rendered":"<p><figure id=\"attachment_256\" aria-describedby=\"caption-attachment-256\" style=\"width: 300px\" class=\"wp-caption alignnone\"><a href=\"http:\/\/unicus.se\/wp-content\/uploads\/2016\/06\/IMG_0037.jpg\" rel=\"attachment wp-att-256\"><img loading=\"lazy\" decoding=\"async\" class=\"size-medium wp-image-256\" src=\"http:\/\/unicus.se\/wp-content\/uploads\/2016\/06\/IMG_0037-300x200.jpg\" alt=\"V\u00e4xell\u00e5da och ing\u00e5ende hus\" width=\"300\" height=\"200\" srcset=\"https:\/\/unicus.se\/wp-content\/uploads\/2016\/06\/IMG_0037-300x200.jpg 300w, https:\/\/unicus.se\/wp-content\/uploads\/2016\/06\/IMG_0037-768x512.jpg 768w, https:\/\/unicus.se\/wp-content\/uploads\/2016\/06\/IMG_0037-1024x683.jpg 1024w, https:\/\/unicus.se\/wp-content\/uploads\/2016\/06\/IMG_0037.jpg 1701w\" sizes=\"auto, (max-width: 300px) 100vw, 300px\" \/><\/a><figcaption id=\"caption-attachment-256\" class=\"wp-caption-text\"><strong>V\u00e4xell\u00e5da och ing\u00e5ende hus<\/strong><\/figcaption><\/figure><\/p>\n<figure id=\"attachment_257\" aria-describedby=\"caption-attachment-257\" style=\"width: 300px\" class=\"wp-caption alignnone\"><a href=\"http:\/\/unicus.se\/wp-content\/uploads\/2016\/06\/KOPPLINGS-K\u00c5PA-0116.jpg\" rel=\"attachment wp-att-257\"><img loading=\"lazy\" decoding=\"async\" class=\"wp-image-257 size-medium\" src=\"http:\/\/unicus.se\/wp-content\/uploads\/2016\/06\/KOPPLINGS-K\u00c5PA-0116-300x200.jpg\" alt=\"Kopplingsk\u00e5pa\" width=\"300\" height=\"200\" srcset=\"https:\/\/unicus.se\/wp-content\/uploads\/2016\/06\/KOPPLINGS-K\u00c5PA-0116-300x200.jpg 300w, https:\/\/unicus.se\/wp-content\/uploads\/2016\/06\/KOPPLINGS-K\u00c5PA-0116-768x512.jpg 768w, https:\/\/unicus.se\/wp-content\/uploads\/2016\/06\/KOPPLINGS-K\u00c5PA-0116-1024x683.jpg 1024w, https:\/\/unicus.se\/wp-content\/uploads\/2016\/06\/KOPPLINGS-K\u00c5PA-0116.jpg 1701w\" sizes=\"auto, (max-width: 300px) 100vw, 300px\" \/><\/a><figcaption id=\"caption-attachment-257\" class=\"wp-caption-text\"><strong>Kopplingsk\u00e5pa<\/strong><br \/>Kopplingsk\u00e5pa som anpassas till kundens motor. F\u00e4ste f\u00f6r startmotor som kan t\u00e4ckas om det inte anv\u00e4nds. N\u00e4r v\u00e5r startmotor anv\u00e4nds s\u00e5 m\u00e5ste sv\u00e4nghjulets startkrans tillverkas enligt v\u00e5r specifikation. Startmotorns placering, som \u00e4r l\u00e5g och l\u00e4ngre bak\u00e5t, \u00e4r f\u00f6rdelaktig ur viktsynpunkt och frig\u00f6r \u00e4ven utrymme intill motorblocket d\u00e4r den annars brukar sitta. Detta g\u00f6r den ocks\u00e5 l\u00e4tt att byta och den blir heller inte s\u00e5 varm. Mer info om startmotorn finns under rubriken &#8221;Detaljer&#8221;.\u00a0\u00a0\u00a0<a href=\"http:\/\/unicus.se\/wp-content\/uploads\/2020\/04\/Produktblad-Kopplingsk\u00e5pa.pdf\">Produktblad (pdf)<\/a><\/figcaption><\/figure>\n<figure id=\"attachment_255\" aria-describedby=\"caption-attachment-255\" style=\"width: 300px\" class=\"wp-caption alignnone\"><a href=\"http:\/\/unicus.se\/wp-content\/uploads\/2016\/06\/IMG_0028.jpg\" rel=\"attachment wp-att-255\"><img loading=\"lazy\" decoding=\"async\" class=\"wp-image-255 size-medium\" src=\"http:\/\/unicus.se\/wp-content\/uploads\/2016\/06\/IMG_0028-300x200.jpg\" alt=\"V\u00e4xell\u00e5da SC-5 med centerdiff\" width=\"300\" height=\"200\" srcset=\"https:\/\/unicus.se\/wp-content\/uploads\/2016\/06\/IMG_0028-300x200.jpg 300w, https:\/\/unicus.se\/wp-content\/uploads\/2016\/06\/IMG_0028-768x512.jpg 768w, https:\/\/unicus.se\/wp-content\/uploads\/2016\/06\/IMG_0028-1024x683.jpg 1024w, https:\/\/unicus.se\/wp-content\/uploads\/2016\/06\/IMG_0028.jpg 1701w\" sizes=\"auto, (max-width: 300px) 100vw, 300px\" \/><\/a><figcaption id=\"caption-attachment-255\" class=\"wp-caption-text\"><strong>V\u00e4xell\u00e5da SC-5 med Centerdiff\u00a0\u00a0<\/strong><\/figcaption><\/figure>\n<figure id=\"attachment_247\" aria-describedby=\"caption-attachment-247\" style=\"width: 300px\" class=\"wp-caption alignnone\"><a href=\"http:\/\/unicus.se\/wp-content\/uploads\/2016\/06\/V\u00c4XELL\u00c5DA-SC-5-0103.jpg\" rel=\"attachment wp-att-247\"><img loading=\"lazy\" decoding=\"async\" class=\"wp-image-247 size-medium\" src=\"http:\/\/unicus.se\/wp-content\/uploads\/2016\/06\/V\u00c4XELL\u00c5DA-SC-5-0103-300x200.jpg\" alt=\"V\u00c4XELL\u00c5DA SC-5\" width=\"300\" height=\"200\" srcset=\"https:\/\/unicus.se\/wp-content\/uploads\/2016\/06\/V\u00c4XELL\u00c5DA-SC-5-0103-300x200.jpg 300w, https:\/\/unicus.se\/wp-content\/uploads\/2016\/06\/V\u00c4XELL\u00c5DA-SC-5-0103-768x512.jpg 768w, https:\/\/unicus.se\/wp-content\/uploads\/2016\/06\/V\u00c4XELL\u00c5DA-SC-5-0103-1024x683.jpg 1024w, https:\/\/unicus.se\/wp-content\/uploads\/2016\/06\/V\u00c4XELL\u00c5DA-SC-5-0103.jpg 1701w\" sizes=\"auto, (max-width: 300px) 100vw, 300px\" \/><\/a><figcaption id=\"caption-attachment-247\" class=\"wp-caption-text\"><strong>V\u00e4xell\u00e5da\u00a0SC-5<\/strong><br \/>&#8211; Sekventiell &#8211; 5 v\u00e4xlad + back. <br \/>&#8211; Tv\u00e5 options av v\u00e4xelstegningar och fem options av dropv\u00e4xel.\u00a0 <br \/>\u00a0 &#8211; Tre options av 1:ans v\u00e4xel.<br \/>&#8211; 100mm axelavst\u00e5nd ger dreven h\u00f6g styrka och &#8221;UNIC&#8221;-skiftsystem ger supersnabba v\u00e4xlingar och i stort sett inget dogslitage. <br \/>&#8211; L\u00e5g vikt ( 31kg inkl. dropv\u00e4xel). Snabb att demontera och montera.\u00a0\u00a0<a href=\"http:\/\/unicus.se\/wp-content\/uploads\/2020\/04\/Produktblad-V\u00e4xell\u00e5da-SC-5-1.pdf\">Produktblad (pdf)<\/a><\/figcaption><\/figure>\n<p>&nbsp;<\/p>\n<figure id=\"attachment_251\" aria-describedby=\"caption-attachment-251\" style=\"width: 300px\" class=\"wp-caption alignnone\"><a href=\"http:\/\/unicus.se\/wp-content\/uploads\/2016\/06\/slutv\u00e4xelenhet-fram.jpg\" rel=\"attachment wp-att-251\"><img loading=\"lazy\" decoding=\"async\" class=\"wp-image-251 size-medium\" src=\"http:\/\/unicus.se\/wp-content\/uploads\/2016\/06\/slutv\u00e4xelenhet-fram-300x200.jpg\" alt=\"Slutv\u00e4xelenhet fram\" width=\"300\" height=\"200\" srcset=\"https:\/\/unicus.se\/wp-content\/uploads\/2016\/06\/slutv\u00e4xelenhet-fram-300x200.jpg 300w, https:\/\/unicus.se\/wp-content\/uploads\/2016\/06\/slutv\u00e4xelenhet-fram-768x512.jpg 768w, https:\/\/unicus.se\/wp-content\/uploads\/2016\/06\/slutv\u00e4xelenhet-fram-1024x683.jpg 1024w, https:\/\/unicus.se\/wp-content\/uploads\/2016\/06\/slutv\u00e4xelenhet-fram.jpg 1701w\" sizes=\"auto, (max-width: 300px) 100vw, 300px\" \/><\/a><figcaption id=\"caption-attachment-251\" class=\"wp-caption-text\"><strong>Slutv\u00e4xelenhet fram<\/strong><br \/>&#8211; Tv\u00e5delat aluminiumhus <br \/>&#8211; Pinion och kronhjul av l\u00e4ttviktsutf\u00f6rande<br \/>&#8211; Unic LH-diff av l\u00e4ttviktsutf\u00f6rande\u00a0<br \/>&#8211; Tulip (tripodens ytterdel) inf\u00e4lld i huset f\u00f6r att f\u00f6r att g\u00f6ra drivaxeln l\u00e4ngre, och med l\u00e5ngt axialspel vilket ger m\u00f6jligthet till l\u00e5ng fj\u00e4dringsv\u00e4g och l\u00e5g motorplacering. <br \/>&#8211; Vikt: 21kg inkl. tulip.\u00a0\u00a0\u00a0<a href=\"http:\/\/unicus.se\/wp-content\/uploads\/2020\/06\/Produktblad-Slutv\u00e4xelenhet-fram-med-transaxel.pdf\">Produktblad (pdf)<\/a><\/figcaption><\/figure>\n<figure id=\"attachment_252\" aria-describedby=\"caption-attachment-252\" style=\"width: 300px\" class=\"wp-caption alignnone\"><a href=\"http:\/\/unicus.se\/wp-content\/uploads\/2016\/06\/slutv\u00e4xelenhet-bak.jpg\" rel=\"attachment wp-att-252\"><img loading=\"lazy\" decoding=\"async\" class=\"wp-image-252 size-medium\" src=\"http:\/\/unicus.se\/wp-content\/uploads\/2016\/06\/slutv\u00e4xelenhet-bak-300x200.jpg\" alt=\"Slutv\u00e4xelenhet bak\" width=\"300\" height=\"200\" srcset=\"https:\/\/unicus.se\/wp-content\/uploads\/2016\/06\/slutv\u00e4xelenhet-bak-300x200.jpg 300w, https:\/\/unicus.se\/wp-content\/uploads\/2016\/06\/slutv\u00e4xelenhet-bak-768x512.jpg 768w, https:\/\/unicus.se\/wp-content\/uploads\/2016\/06\/slutv\u00e4xelenhet-bak-1024x683.jpg 1024w, https:\/\/unicus.se\/wp-content\/uploads\/2016\/06\/slutv\u00e4xelenhet-bak.jpg 1701w\" sizes=\"auto, (max-width: 300px) 100vw, 300px\" \/><\/a><figcaption id=\"caption-attachment-252\" class=\"wp-caption-text\"><strong>Slutv\u00e4xelenhet bak<\/strong><br \/>&#8211; Tv\u00e5delat aluminiumhus <br \/>&#8211; Pinion och kronhjul av l\u00e4ttviktsutf\u00f6rande<br \/>&#8211; Unic LH-diff av l\u00e4ttviktsutf\u00f6rande\u00a0<br \/>&#8211; Fl\u00e4nsar f\u00f6r CW-knut med 3 skuvar och 3 drivpiggar <br \/>&#8211; Vikt: 23kg inkl. 2 st fl\u00e4nsaxlar. <a href=\"http:\/\/unicus.se\/wp-content\/uploads\/2020\/12\/Product-data-sheet-Final-Gear-Unit-Rear.doc.pdf\">Produktblad (pdf)<\/a><\/figcaption><\/figure>\n<figure id=\"attachment_253\" aria-describedby=\"caption-attachment-253\" style=\"width: 300px\" class=\"wp-caption alignnone\"><a href=\"http:\/\/unicus.se\/wp-content\/uploads\/2016\/06\/CENTER-DIFF-0053.jpg\" rel=\"attachment wp-att-253\"><img loading=\"lazy\" decoding=\"async\" class=\"wp-image-253 size-medium\" src=\"http:\/\/unicus.se\/wp-content\/uploads\/2016\/06\/CENTER-DIFF-0053-300x200.jpg\" alt=\"Centerdiff\" width=\"300\" height=\"200\" srcset=\"https:\/\/unicus.se\/wp-content\/uploads\/2016\/06\/CENTER-DIFF-0053-300x200.jpg 300w, https:\/\/unicus.se\/wp-content\/uploads\/2016\/06\/CENTER-DIFF-0053-768x512.jpg 768w, https:\/\/unicus.se\/wp-content\/uploads\/2016\/06\/CENTER-DIFF-0053-1024x683.jpg 1024w, https:\/\/unicus.se\/wp-content\/uploads\/2016\/06\/CENTER-DIFF-0053.jpg 1701w\" sizes=\"auto, (max-width: 300px) 100vw, 300px\" \/><\/a><figcaption id=\"caption-attachment-253\" class=\"wp-caption-text\"><strong>Centerdiff<\/strong><br \/>&#8211; Hus av h\u00f6gh\u00e5llfast aluminium <br \/>&#8211; Unic LH-diff av l\u00e4ttviktsutf\u00f6rande (se detaljer). <br \/>&#8211; Samma lameller och ramp-enhet som fram o bakdiff<br \/>&#8211; Hydrauliskt system som anv\u00e4nds f\u00f6r att reglera f\u00f6rsp\u00e4nningen.\u00a0<br \/>&#8211; Enkel att demontera och montera. \u00a0 \u00a0 \u00a0 \u00a0 \u00a0 \u00a0 \u00a0 \u00a0 \u00a0 -Vikt: 11kg inkl. fr\u00e4mre o bakre spline-axel.\u00a0\u00a0<a href=\"http:\/\/unicus.se\/wp-content\/uploads\/2020\/04\/Produktblad-Centerdiff-1.pdf\">Produktblad (pdf)<\/a><\/figcaption><\/figure>\n<figure id=\"attachment_868\" aria-describedby=\"caption-attachment-868\" style=\"width: 300px\" class=\"wp-caption alignnone\"><a href=\"http:\/\/unicus.se\/wp-content\/uploads\/2012\/09\/Release.jpg\"><img loading=\"lazy\" decoding=\"async\" class=\"wp-image-868 size-medium\" src=\"http:\/\/unicus.se\/wp-content\/uploads\/2012\/09\/Release-300x200.jpg\" alt=\"\" width=\"300\" height=\"200\" srcset=\"https:\/\/unicus.se\/wp-content\/uploads\/2012\/09\/Release-300x200.jpg 300w, https:\/\/unicus.se\/wp-content\/uploads\/2012\/09\/Release.jpg 511w\" sizes=\"auto, (max-width: 300px) 100vw, 300px\" \/><\/a><figcaption id=\"caption-attachment-868\" class=\"wp-caption-text\"><strong>Releasekoppling (roterande enhet bredvid)<\/strong><br \/>Releasekopplingens placering \u00e4r den samma som f\u00f6r Centerdiffen och \u00e4ven kardanaxlarna \u00e4r samma, vilket g\u00f6r det m\u00f6jligt f\u00f6r ett relativt snabbt byte mellan Centerdiffen och Releasekopplingen, t ex under ett test.\u00a0<\/figcaption><\/figure>\n<p><figure id=\"attachment_867\" aria-describedby=\"caption-attachment-867\" style=\"width: 300px\" class=\"wp-caption alignnone\"><a href=\"http:\/\/unicus.se\/wp-content\/uploads\/2012\/09\/Release-clutch-Hydraulic-control.jpg\"><img loading=\"lazy\" decoding=\"async\" class=\"wp-image-867 size-medium\" src=\"http:\/\/unicus.se\/wp-content\/uploads\/2012\/09\/Release-clutch-Hydraulic-control-300x200.jpg\" alt=\"\" width=\"300\" height=\"200\" srcset=\"https:\/\/unicus.se\/wp-content\/uploads\/2012\/09\/Release-clutch-Hydraulic-control-300x200.jpg 300w, https:\/\/unicus.se\/wp-content\/uploads\/2012\/09\/Release-clutch-Hydraulic-control.jpg 638w\" sizes=\"auto, (max-width: 300px) 100vw, 300px\" \/><\/a><figcaption id=\"caption-attachment-867\" class=\"wp-caption-text\"><b>Hydraulisk styrenhet f\u00f6r koppling<\/b><br \/>Enheten \u00e4r ansluten till servostyrningspumpen med en AN3 slang som levererar det oljetryck som magasineras i ackumulatorn. Returslangen \u00e4r ansluten till servostyrningstanken. Den elektriska ventilen f\u00e5r signaler fr\u00e5n handbromsspaken och ger tryck till &#8221;release&#8221; kopplingen som &#8221;\u00f6ppnas&#8221; och h\u00e5ller \u00f6ppet s\u00e5 l\u00e4nge trycket \u00e4r p\u00e5.\u00a0<\/figcaption><\/figure><\/p>","protected":false},"excerpt":{"rendered":"<p>&nbsp;<\/p>\n","protected":false},"author":3,"featured_media":0,"parent":0,"menu_order":0,"comment_status":"closed","ping_status":"closed","template":"","meta":{"footnotes":""},"class_list":["post-226","page","type-page","status-publish","hentry"],"_links":{"self":[{"href":"https:\/\/unicus.se\/index.php?rest_route=\/wp\/v2\/pages\/226","targetHints":{"allow":["GET"]}}],"collection":[{"href":"https:\/\/unicus.se\/index.php?rest_route=\/wp\/v2\/pages"}],"about":[{"href":"https:\/\/unicus.se\/index.php?rest_route=\/wp\/v2\/types\/page"}],"author":[{"embeddable":true,"href":"https:\/\/unicus.se\/index.php?rest_route=\/wp\/v2\/users\/3"}],"replies":[{"embeddable":true,"href":"https:\/\/unicus.se\/index.php?rest_route=%2Fwp%2Fv2%2Fcomments&post=226"}],"version-history":[{"count":75,"href":"https:\/\/unicus.se\/index.php?rest_route=\/wp\/v2\/pages\/226\/revisions"}],"predecessor-version":[{"id":1453,"href":"https:\/\/unicus.se\/index.php?rest_route=\/wp\/v2\/pages\/226\/revisions\/1453"}],"wp:attachment":[{"href":"https:\/\/unicus.se\/index.php?rest_route=%2Fwp%2Fv2%2Fmedia&parent=226"}],"curies":[{"name":"wp","href":"https:\/\/api.w.org\/{rel}","templated":true}]}}