{"id":239,"date":"2016-06-13T11:11:26","date_gmt":"2016-06-13T11:11:26","guid":{"rendered":"http:\/\/unicus.se\/?page_id=239"},"modified":"2022-01-03T10:50:38","modified_gmt":"2022-01-03T10:50:38","slug":"rwd","status":"publish","type":"page","link":"https:\/\/unicus.se\/?page_id=239","title":{"rendered":"Transmission f\u00f6r tv\u00e5hjulsdrift (RWD, FWD)"},"content":{"rendered":"<p><strong>V\u00e4lj undergrupp i gardinmeny.<\/strong><\/p>","protected":false},"excerpt":{"rendered":"<p>V\u00e4lj undergrupp i gardinmeny.<\/p>\n","protected":false},"author":3,"featured_media":0,"parent":0,"menu_order":0,"comment_status":"closed","ping_status":"closed","template":"","meta":{"footnotes":""},"class_list":["post-239","page","type-page","status-publish","hentry"],"_links":{"self":[{"href":"https:\/\/unicus.se\/index.php?rest_route=\/wp\/v2\/pages\/239","targetHints":{"allow":["GET"]}}],"collection":[{"href":"https:\/\/unicus.se\/index.php?rest_route=\/wp\/v2\/pages"}],"about":[{"href":"https:\/\/unicus.se\/index.php?rest_route=\/wp\/v2\/types\/page"}],"author":[{"embeddable":true,"href":"https:\/\/unicus.se\/index.php?rest_route=\/wp\/v2\/users\/3"}],"replies":[{"embeddable":true,"href":"https:\/\/unicus.se\/index.php?rest_route=%2Fwp%2Fv2%2Fcomments&post=239"}],"version-history":[{"count":7,"href":"https:\/\/unicus.se\/index.php?rest_route=\/wp\/v2\/pages\/239\/revisions"}],"predecessor-version":[{"id":1429,"href":"https:\/\/unicus.se\/index.php?rest_route=\/wp\/v2\/pages\/239\/revisions\/1429"}],"wp:attachment":[{"href":"https:\/\/unicus.se\/index.php?rest_route=%2Fwp%2Fv2%2Fmedia&parent=239"}],"curies":[{"name":"wp","href":"https:\/\/api.w.org\/{rel}","templated":true}]}}