{"id":241,"date":"2016-06-13T11:11:45","date_gmt":"2016-06-13T11:11:45","guid":{"rendered":"http:\/\/unicus.se\/?page_id=241"},"modified":"2022-04-29T07:48:36","modified_gmt":"2022-04-29T07:48:36","slug":"servopump","status":"publish","type":"page","link":"https:\/\/unicus.se\/?page_id=241","title":{"rendered":"Servopump"},"content":{"rendered":"<p><a href=\"http:\/\/unicus.se\/wp-content\/uploads\/2016\/06\/SERVOPUMP-0041.jpg\" rel=\"attachment wp-att-291\"><img loading=\"lazy\" decoding=\"async\" class=\"alignnone wp-image-291 \" src=\"http:\/\/unicus.se\/wp-content\/uploads\/2016\/06\/SERVOPUMP-0041-1024x683.jpg\" alt=\"Servopump\" width=\"467\" height=\"315\" \/><\/a><\/p>\n<p><strong>Pump f\u00f6r servostyrning &#8211; h\u00f6geffekt \u00a0 \u00a0Artikelnr: \u00a0Unic 392X-03<\/strong><br \/>\n(Anv\u00e4nds d\u00e4r stor servoeffekt beh\u00f6vs, tex om styrningen \u00e4r tr\u00f6g vid snabba styrutslag eller vid h\u00f6g belastning som i sp\u00e5riga kurvor)<\/p>\n<p>&#8211; Deplacement: 6.5 cm3\/rev.<br \/>\n&#8211; Oljetryck: Normalt 100 &#8211; 140 bar \u00a0(grundinst\u00e4llning p\u00e5 \u00f6verstr\u00f6mningsventilen = 120 Bar)\u00a0 \u00d6verstr\u00f6mningsventilen kan vid \u00f6nskem\u00e5l st\u00e4llas till valfritt tryck. Pumpen klarar upp till 250 Bar.<br \/>\n&#8211; Remskiva f\u00f6r Multirem PK-6, Ytterdiameter \u00d8132 (m\u00e4tt p\u00e5 topparna).\u00a0 \u00a0 \u00a0&#8211; Alternativ remskiva f\u00f6r Multirem PK-5, Ytterdiameter \u00d8153.<br \/>\n&#8211; Anslutningar: G\u00e4ngh\u00e5l R 3\/8&#8243; i b\u00e5da portar.<br \/>\n&#8211; Tillh\u00f6rande filterenhet med utbytbart filter och 2st anslutningar AN 8.<\/p>\n<p><strong>\u00d6vrig teknisk info:<\/strong><br \/>\n&#8211; Rekomenderad utv\u00e4xling mellan vevaxel och pump \u00e4r ca 1.4.\u00a0 Dvs vevaxelns remskiva \u00d894 \u00b18% (m\u00e4tt \u00f6ver topparna) f\u00f6r pump-remskiva \u00d8132 och \u00d8110 \u00b18% f\u00f6r pump remskiva \u00d8153.\u00a0 F\u00f6r h\u00f6gt varvtal kan skada pumpen.<br \/>\n&#8211; Rekomenderade slangdimensioner (innerdiameter):<br \/>\nTryckledning mellan pump och styrv\u00e4xelventil = 6mm.<br \/>\nReturledning mellan styrv\u00e4xelventil &#8211; filterenhet &#8211; tank = 8mm. \u00a0(filter m\u00e5ste anv\u00e4ndas).<br \/>\nMatarledning mellan tank och pump = min10mm (g\u00e4ller \u00e4ven i nipplar).<br \/>\n&#8211; Rekommenderad tankvolym: 0.5 liter min. Oljekylare beh\u00f6vs normalt ej tack vare pumpens h\u00f6ga verkningsgrad.<br \/>\n&#8211; \u00d6verstr\u00f6mningsventilens tryck kan \u00e4ndras vid behov. Detta tryck \u00e4r beroende av faktorer som styrv\u00e4xelns kolvarea, utv\u00e4xling mellan styrv\u00e4xel och hjul (l\u00e4ngd p\u00e5 styrarmar mm), castervinkel. \u00c4ven \u00f6vrig framvagnsgeometri p\u00e5verkar om dock inte lika mycket.<br \/>\n&#8211; Pumpens verkningsgrad: \u00a0Mekanisk ca 0.9 \u00a0, \u00a0Volymetrisk ca 0.9<br \/>\n&#8211; Moment p\u00e5 pumpaxel vid 100 bar = 6.5 x 100 \/ 20 \/ pi \/ 0.9 = 11,5 Nm.<br \/>\n&#8211; Effekt\u00e5tg\u00e5ng vid 100 bar och motorvarvtal 6000 rpm = 11.5 x 6000 \/ 9550 \/ 1.42 = 5.1 kW (dvs. i peakar som uppst\u00e5r vid kurvtagning).<br \/>\n&#8211; Ungerf\u00e4rlig medel-effektf\u00f6rbrukning vid fullfartsk\u00f6rning (Supercar) ca 2,2 kW (baserat p\u00e5 medeltryck 50bar och medel-motorvartal 5000rpm). N\u00e4r bilen befinner sig i full acceleration s\u00e5 \u00e4r trycket l\u00e5gt (&lt; 15 bar) och pumpen drar d\u00e4rmed lite effekt (&lt; 1 kW).<\/p>\n<p>&#8212; T\u00e4nk p\u00e5 att en d\u00e5lig pump stj\u00e4l mer motoreffekt \u00e4ven om servoeffekten \u00e4r s\u00e4mre. Den s\u00e4mre verkninggraden som standardpumpar (vingpumpar) har vid h\u00f6ga tryckniv\u00e5er g\u00f6r att oljan blir varmare och tunnare och d\u00e4rmed \u00e4nnu s\u00e4mre verkningsgrad, dvs en ond cirkel. Het olja \u00f6kar slitage och risk f\u00f6r brott p\u00e5 slangar o t\u00e4tningar.\u00a0 Tack vare pumpens h\u00f6gre verkningsgrad beh\u00f6vs i regel ingen oljekylare.<\/p>\n<p>&nbsp;<\/p>","protected":false},"excerpt":{"rendered":"<p>Pump f\u00f6r servostyrning &#8211; h\u00f6geffekt \u00a0 \u00a0Artikelnr: \u00a0Unic 392X-03 (Anv\u00e4nds d\u00e4r stor servoeffekt beh\u00f6vs, tex om styrningen \u00e4r tr\u00f6g vid snabba styrutslag eller vid h\u00f6g belastning som i sp\u00e5riga kurvor) &#8211; Deplacement: 6.5 cm3\/rev. &#8211; Oljetryck: Normalt 100 &#8211; 140 <a class=\"more-link\" href=\"https:\/\/unicus.se\/?page_id=241\">Forts\u00e4tt l\u00e4sa <span class=\"screen-reader-text\">  Servopump<\/span><span class=\"meta-nav\">&rarr;<\/span><\/a><\/p>\n","protected":false},"author":3,"featured_media":0,"parent":0,"menu_order":0,"comment_status":"closed","ping_status":"closed","template":"","meta":{"footnotes":""},"class_list":["post-241","page","type-page","status-publish","hentry"],"_links":{"self":[{"href":"https:\/\/unicus.se\/index.php?rest_route=\/wp\/v2\/pages\/241","targetHints":{"allow":["GET"]}}],"collection":[{"href":"https:\/\/unicus.se\/index.php?rest_route=\/wp\/v2\/pages"}],"about":[{"href":"https:\/\/unicus.se\/index.php?rest_route=\/wp\/v2\/types\/page"}],"author":[{"embeddable":true,"href":"https:\/\/unicus.se\/index.php?rest_route=\/wp\/v2\/users\/3"}],"replies":[{"embeddable":true,"href":"https:\/\/unicus.se\/index.php?rest_route=%2Fwp%2Fv2%2Fcomments&post=241"}],"version-history":[{"count":14,"href":"https:\/\/unicus.se\/index.php?rest_route=\/wp\/v2\/pages\/241\/revisions"}],"predecessor-version":[{"id":1556,"href":"https:\/\/unicus.se\/index.php?rest_route=\/wp\/v2\/pages\/241\/revisions\/1556"}],"wp:attachment":[{"href":"https:\/\/unicus.se\/index.php?rest_route=%2Fwp%2Fv2%2Fmedia&parent=241"}],"curies":[{"name":"wp","href":"https:\/\/api.w.org\/{rel}","templated":true}]}}