{"id":348,"date":"2016-06-17T06:34:08","date_gmt":"2016-06-17T06:34:08","guid":{"rendered":"http:\/\/unicus.se\/?page_id=348"},"modified":"2020-04-16T17:10:41","modified_gmt":"2020-04-16T17:10:41","slug":"kunder","status":"publish","type":"page","link":"https:\/\/unicus.se\/?page_id=348","title":{"rendered":"Kunder"},"content":{"rendered":"<p><\/p>\n<h6><strong>UNIC Transmissions har f\u00f6rm\u00e5nen att leverera produkter till\u00a0flera av de mest framg\u00e5ngsrika f\u00f6rarna och teamen i v\u00e4rlden.\u00a0<\/strong><\/h6>\n<p>&nbsp;<\/p>\n<p><img loading=\"lazy\" decoding=\"async\" class=\"alignnone size-full wp-image-886\" src=\"http:\/\/unicus.se\/wp-content\/uploads\/2016\/06\/titans.jpg\" alt=\"\" width=\"900\" height=\"600\" srcset=\"https:\/\/unicus.se\/wp-content\/uploads\/2016\/06\/titans.jpg 900w, https:\/\/unicus.se\/wp-content\/uploads\/2016\/06\/titans-300x200.jpg 300w, https:\/\/unicus.se\/wp-content\/uploads\/2016\/06\/titans-768x512.jpg 768w\" sizes=\"auto, (max-width: 900px) 100vw, 900px\" \/><a href=\"https:\/\/titansrx.eu\"><strong>Titans RX<\/strong><\/a><br \/>\nUnic Transmissions is delivering all transmission parts, between engine and wheels, to all of the cars in the\u00a02019 years&#8217; new serie; <a href=\"https:\/\/titansrx.eu\">Titans RX.<\/a><a href=\"https:\/\/psrxvw.com\"><strong><br \/>\n<\/strong><\/a><strong><a href=\"https:\/\/psrxvw.com\"><br \/>\n<\/a><\/strong><img loading=\"lazy\" decoding=\"async\" class=\"alignnone size-full wp-image-901\" src=\"http:\/\/unicus.se\/wp-content\/uploads\/2016\/06\/petters.jpg\" alt=\"\" width=\"1068\" height=\"712\" srcset=\"https:\/\/unicus.se\/wp-content\/uploads\/2016\/06\/petters.jpg 1068w, https:\/\/unicus.se\/wp-content\/uploads\/2016\/06\/petters-300x200.jpg 300w, https:\/\/unicus.se\/wp-content\/uploads\/2016\/06\/petters-768x512.jpg 768w, https:\/\/unicus.se\/wp-content\/uploads\/2016\/06\/petters-1024x683.jpg 1024w\" sizes=\"auto, (max-width: 1068px) 100vw, 1068px\" \/><strong><a href=\"https:\/\/psrxvw.com\">Petter Solberg<\/p>\n<p><\/a><\/strong>Step in to Petter Solbergs Unic\u00a0equipped Supercar beast <a href=\"https:\/\/www.youtube.com\/watch?v=N89Hf_85Tyk\">on this link<\/a><a href=\"https:\/\/psrxvw.com\">, <\/a>and join him on a lap at\u00a0Montalegre RX<\/p>\n<p><img loading=\"lazy\" decoding=\"async\" class=\"alignnone size-full wp-image-903\" src=\"http:\/\/unicus.se\/wp-content\/uploads\/2016\/06\/johankristoff.jpg\" alt=\"\" width=\"785\" height=\"442\" srcset=\"https:\/\/unicus.se\/wp-content\/uploads\/2016\/06\/johankristoff.jpg 785w, https:\/\/unicus.se\/wp-content\/uploads\/2016\/06\/johankristoff-300x169.jpg 300w, https:\/\/unicus.se\/wp-content\/uploads\/2016\/06\/johankristoff-768x432.jpg 768w\" sizes=\"auto, (max-width: 785px) 100vw, 785px\" \/><a href=\"http:\/\/kms-racing.com\"><strong>Johan Kristoffersson<\/strong><\/a><\/p>\n<p><img loading=\"lazy\" decoding=\"async\" class=\"alignnone size-full wp-image-904\" src=\"http:\/\/unicus.se\/wp-content\/uploads\/2016\/06\/timo-scheider-mjp-racing-team-.jpg\" alt=\"\" width=\"800\" height=\"533\" srcset=\"https:\/\/unicus.se\/wp-content\/uploads\/2016\/06\/timo-scheider-mjp-racing-team-.jpg 800w, https:\/\/unicus.se\/wp-content\/uploads\/2016\/06\/timo-scheider-mjp-racing-team--300x200.jpg 300w, https:\/\/unicus.se\/wp-content\/uploads\/2016\/06\/timo-scheider-mjp-racing-team--768x512.jpg 768w\" sizes=\"auto, (max-width: 800px) 100vw, 800px\" \/><a href=\"http:\/\/kms-racing.com\"><strong>Timo Scheider<\/strong><\/a><\/p>\n<h6><img loading=\"lazy\" decoding=\"async\" class=\"alignnone size-full wp-image-459\" src=\"http:\/\/unicus.se\/wp-content\/uploads\/2016\/06\/Muennich.jpg\" alt=\"Muennich\" width=\"647\" height=\"433\" srcset=\"https:\/\/unicus.se\/wp-content\/uploads\/2016\/06\/Muennich.jpg 647w, https:\/\/unicus.se\/wp-content\/uploads\/2016\/06\/Muennich-300x201.jpg 300w\" sizes=\"auto, (max-width: 647px) 100vw, 647px\" \/><strong><a href=\"http:\/\/muennich-motorsport.com\">Ren\u00e9 M\u00fcnnich<\/a><\/strong><\/h6>\n<h6><\/h6>\n<p><img loading=\"lazy\" decoding=\"async\" class=\"alignnone size-full wp-image-836\" src=\"http:\/\/unicus.se\/wp-content\/uploads\/2016\/06\/oliver.jpg\" alt=\"\" width=\"960\" height=\"960\" srcset=\"https:\/\/unicus.se\/wp-content\/uploads\/2016\/06\/oliver.jpg 960w, https:\/\/unicus.se\/wp-content\/uploads\/2016\/06\/oliver-150x150.jpg 150w, https:\/\/unicus.se\/wp-content\/uploads\/2016\/06\/oliver-300x300.jpg 300w, https:\/\/unicus.se\/wp-content\/uploads\/2016\/06\/oliver-768x768.jpg 768w\" sizes=\"auto, (max-width: 960px) 100vw, 960px\" \/><strong><a href=\"https:\/\/www.facebook.com\/OliverSolberg01\/\">Oliver Solberg<\/a><\/strong><\/p>\n<p><img loading=\"lazy\" decoding=\"async\" class=\"alignnone size-full wp-image-906\" src=\"http:\/\/unicus.se\/wp-content\/uploads\/2016\/06\/Anton-Marklund.jpg\" alt=\"\" width=\"960\" height=\"640\" srcset=\"https:\/\/unicus.se\/wp-content\/uploads\/2016\/06\/Anton-Marklund.jpg 960w, https:\/\/unicus.se\/wp-content\/uploads\/2016\/06\/Anton-Marklund-300x200.jpg 300w, https:\/\/unicus.se\/wp-content\/uploads\/2016\/06\/Anton-Marklund-768x512.jpg 768w\" sizes=\"auto, (max-width: 960px) 100vw, 960px\" \/><a href=\"https:\/\/www.facebook.com\/marklundanton\/\"><strong>Anton Marklund<\/strong><\/a><\/p>\n<h6><img loading=\"lazy\" decoding=\"async\" class=\"alignnone wp-image-454\" src=\"http:\/\/unicus.se\/wp-content\/uploads\/2016\/06\/gigi-galli-4.jpg\" alt=\"gigi-galli-4\" width=\"650\" height=\"433\" srcset=\"https:\/\/unicus.se\/wp-content\/uploads\/2016\/06\/gigi-galli-4.jpg 600w, https:\/\/unicus.se\/wp-content\/uploads\/2016\/06\/gigi-galli-4-300x200.jpg 300w\" sizes=\"auto, (max-width: 650px) 100vw, 650px\" \/><a href=\"http:\/\/www.gigigalli.com\"><strong>Gigi Galli<\/strong><\/a><\/h6>\n<p><img loading=\"lazy\" decoding=\"async\" class=\"alignnone size-full wp-image-908\" src=\"http:\/\/unicus.se\/wp-content\/uploads\/2016\/06\/thomasb.jpg\" alt=\"\" width=\"960\" height=\"640\" srcset=\"https:\/\/unicus.se\/wp-content\/uploads\/2016\/06\/thomasb.jpg 960w, https:\/\/unicus.se\/wp-content\/uploads\/2016\/06\/thomasb-300x200.jpg 300w, https:\/\/unicus.se\/wp-content\/uploads\/2016\/06\/thomasb-768x512.jpg 768w\" sizes=\"auto, (max-width: 960px) 100vw, 960px\" \/><strong><a href=\"https:\/\/www.facebook.com\/tbrxthomas\/\">Thomas Bryntesson<\/a><br \/>\n<\/strong>Watch movie<a href=\"https:\/\/www.facebook.com\/eurorx\/videos\/2808695099163545\/\"><em>\u00a0on this link<\/em><\/a><strong><br \/>\n<\/strong><\/p>\n<p><img loading=\"lazy\" decoding=\"async\" class=\"alignnone size-full wp-image-909\" src=\"http:\/\/unicus.se\/wp-content\/uploads\/2016\/06\/Peter_Hedstr\u00f6m_2016-09-03_004.jpg\" alt=\"\" width=\"800\" height=\"534\" srcset=\"https:\/\/unicus.se\/wp-content\/uploads\/2016\/06\/Peter_Hedstr\u00f6m_2016-09-03_004.jpg 800w, https:\/\/unicus.se\/wp-content\/uploads\/2016\/06\/Peter_Hedstr\u00f6m_2016-09-03_004-300x200.jpg 300w, https:\/\/unicus.se\/wp-content\/uploads\/2016\/06\/Peter_Hedstr\u00f6m_2016-09-03_004-768x513.jpg 768w\" sizes=\"auto, (max-width: 800px) 100vw, 800px\" \/><br \/>\n<strong><a href=\"http:\/\/hedstromsmotorsport.se\">Peter Hedstr\u00f6m<\/a><\/strong><\/p>\n<p><img loading=\"lazy\" decoding=\"async\" class=\"alignnone size-full wp-image-911\" src=\"http:\/\/unicus.se\/wp-content\/uploads\/2016\/06\/makrlunf\u00b4.jpg\" alt=\"\" width=\"900\" height=\"452\" srcset=\"https:\/\/unicus.se\/wp-content\/uploads\/2016\/06\/makrlunf\u00b4.jpg 900w, https:\/\/unicus.se\/wp-content\/uploads\/2016\/06\/makrlunf\u00b4-300x151.jpg 300w, https:\/\/unicus.se\/wp-content\/uploads\/2016\/06\/makrlunf\u00b4-768x386.jpg 768w\" sizes=\"auto, (max-width: 900px) 100vw, 900px\" \/><br \/>\n<strong>Marklund Motorsport<\/strong><\/p>\n<p><img loading=\"lazy\" decoding=\"async\" class=\"alignnone size-full wp-image-912\" src=\"http:\/\/unicus.se\/wp-content\/uploads\/2016\/06\/40050225045_d27fbb827d_b.jpg\" alt=\"\" width=\"1024\" height=\"683\" srcset=\"https:\/\/unicus.se\/wp-content\/uploads\/2016\/06\/40050225045_d27fbb827d_b.jpg 1024w, https:\/\/unicus.se\/wp-content\/uploads\/2016\/06\/40050225045_d27fbb827d_b-300x200.jpg 300w, https:\/\/unicus.se\/wp-content\/uploads\/2016\/06\/40050225045_d27fbb827d_b-768x512.jpg 768w\" sizes=\"auto, (max-width: 1024px) 100vw, 1024px\" \/><br \/>\n<strong><a href=\"https:\/\/www.spencersport.co.uk\/about\/people\/13-julian-godfrey\/\">Julian Godfrey<\/a><\/strong><\/p>\n<p><img loading=\"lazy\" decoding=\"async\" class=\"alignnone size-full wp-image-913\" src=\"http:\/\/unicus.se\/wp-content\/uploads\/2016\/06\/8T6I2756-600x400.jpg\" alt=\"\" width=\"600\" height=\"400\" srcset=\"https:\/\/unicus.se\/wp-content\/uploads\/2016\/06\/8T6I2756-600x400.jpg 600w, https:\/\/unicus.se\/wp-content\/uploads\/2016\/06\/8T6I2756-600x400-300x200.jpg 300w\" sizes=\"auto, (max-width: 600px) 100vw, 600px\" \/><br \/>\n<strong><a href=\"https:\/\/www.facebook.com\/JochenCooxRX\/\">Jochen Coox<\/a><\/strong><\/p>\n<p><img loading=\"lazy\" decoding=\"async\" class=\"alignnone size-full wp-image-914\" src=\"http:\/\/unicus.se\/wp-content\/uploads\/2016\/06\/alexfucik.jpg\" alt=\"\" width=\"1300\" height=\"867\" srcset=\"https:\/\/unicus.se\/wp-content\/uploads\/2016\/06\/alexfucik.jpg 1300w, https:\/\/unicus.se\/wp-content\/uploads\/2016\/06\/alexfucik-300x200.jpg 300w, https:\/\/unicus.se\/wp-content\/uploads\/2016\/06\/alexfucik-768x512.jpg 768w, https:\/\/unicus.se\/wp-content\/uploads\/2016\/06\/alexfucik-1024x683.jpg 1024w\" sizes=\"auto, (max-width: 1300px) 100vw, 1300px\" \/><br \/>\n<strong><a href=\"https:\/\/www.facebook.com\/ales.fucik.58\">Ales Fucik <\/a><a href=\"https:\/\/www.facebook.com\/JochenCooxRX\/\"><br \/>\n<\/a><\/strong><\/p>\n<h6><strong><img loading=\"lazy\" decoding=\"async\" class=\"alignnone wp-image-450 size-full\" src=\"http:\/\/unicus.se\/wp-content\/uploads\/2016\/06\/Walfridson_l\u00e5g.jpg\" alt=\"Rallycross SM Str\u00e4ngn\u00e4s 2015-06-11 Foto Tony Welam Lukas Walfridson slutade p\u00e5 en tredjeplats i SM delt\u00e4vligne i Str\u00e4ngn\u00e4s\" width=\"1244\" height=\"829\" srcset=\"https:\/\/unicus.se\/wp-content\/uploads\/2016\/06\/Walfridson_l\u00e5g.jpg 1244w, https:\/\/unicus.se\/wp-content\/uploads\/2016\/06\/Walfridson_l\u00e5g-300x200.jpg 300w, https:\/\/unicus.se\/wp-content\/uploads\/2016\/06\/Walfridson_l\u00e5g-768x512.jpg 768w, https:\/\/unicus.se\/wp-content\/uploads\/2016\/06\/Walfridson_l\u00e5g-1024x682.jpg 1024w\" sizes=\"auto, (max-width: 1244px) 100vw, 1244px\" \/><a href=\"http:\/\/helmia.se\/om-helmia\/motorsport\/\">Helmia Motorsport<\/a><\/strong><\/h6>\n<p><img loading=\"lazy\" decoding=\"async\" class=\"alignnone size-full wp-image-787\" src=\"http:\/\/unicus.se\/wp-content\/uploads\/2016\/06\/jamesgrint.jpg\" alt=\"\" width=\"4651\" height=\"3063\" srcset=\"https:\/\/unicus.se\/wp-content\/uploads\/2016\/06\/jamesgrint.jpg 4651w, https:\/\/unicus.se\/wp-content\/uploads\/2016\/06\/jamesgrint-300x198.jpg 300w, https:\/\/unicus.se\/wp-content\/uploads\/2016\/06\/jamesgrint-768x506.jpg 768w, https:\/\/unicus.se\/wp-content\/uploads\/2016\/06\/jamesgrint-1024x674.jpg 1024w\" sizes=\"auto, (max-width: 4651px) 100vw, 4651px\" \/><a href=\"http:\/\/jamesgrint.co.uk\"><strong>James Grint<\/strong><\/a><\/p>\n<h6><strong><a href=\"http:\/\/helmia.se\/om-helmia\/motorsport\/\"><img loading=\"lazy\" decoding=\"async\" class=\"alignnone size-full wp-image-915\" src=\"http:\/\/unicus.se\/wp-content\/uploads\/2016\/06\/sondreejven.jpg\" alt=\"\" width=\"899\" height=\"600\" srcset=\"https:\/\/unicus.se\/wp-content\/uploads\/2016\/06\/sondreejven.jpg 899w, https:\/\/unicus.se\/wp-content\/uploads\/2016\/06\/sondreejven-300x200.jpg 300w, https:\/\/unicus.se\/wp-content\/uploads\/2016\/06\/sondreejven-768x513.jpg 768w\" sizes=\"auto, (max-width: 899px) 100vw, 899px\" \/><br \/>\n<\/a><a href=\"http:\/\/www.serx.no\">Sondre Ejven<\/a><\/strong><\/h6>\n<p><img loading=\"lazy\" decoding=\"async\" class=\"alignnone size-full wp-image-456\" src=\"http:\/\/unicus.se\/wp-content\/uploads\/2016\/06\/MdK_RCW_04.jpg\" alt=\"MdK_RCW_04\" width=\"800\" height=\"533\" srcset=\"https:\/\/unicus.se\/wp-content\/uploads\/2016\/06\/MdK_RCW_04.jpg 800w, https:\/\/unicus.se\/wp-content\/uploads\/2016\/06\/MdK_RCW_04-300x200.jpg 300w, https:\/\/unicus.se\/wp-content\/uploads\/2016\/06\/MdK_RCW_04-768x512.jpg 768w\" sizes=\"auto, (max-width: 800px) 100vw, 800px\" \/><\/p>\n<h6><strong><a href=\"http:\/\/www.jdkracing.be\">Michael de Keersmaecker<br \/>\n<\/a><br \/>\n<\/strong><\/h6>\n<h6><img loading=\"lazy\" decoding=\"async\" class=\"alignnone size-full wp-image-916\" src=\"http:\/\/unicus.se\/wp-content\/uploads\/2016\/06\/45184358_1379434815527189_4037083200256737280_n.jpg\" alt=\"\" width=\"948\" height=\"631\" srcset=\"https:\/\/unicus.se\/wp-content\/uploads\/2016\/06\/45184358_1379434815527189_4037083200256737280_n.jpg 948w, https:\/\/unicus.se\/wp-content\/uploads\/2016\/06\/45184358_1379434815527189_4037083200256737280_n-300x200.jpg 300w, https:\/\/unicus.se\/wp-content\/uploads\/2016\/06\/45184358_1379434815527189_4037083200256737280_n-768x511.jpg 768w\" sizes=\"auto, (max-width: 948px) 100vw, 948px\" \/><br \/>\n<strong><a href=\"https:\/\/www.facebook.com\/AndreasCarlssonMotorsport\/\">Andreas Carlsson<\/a><\/strong><\/h6>\n<p>Take a look at <a href=\"https:\/\/www.youtube.com\/watch?v=Pyg-ootMv3s\"><em>this<\/em><\/a> video<\/p>\n<p><img loading=\"lazy\" decoding=\"async\" class=\"alignnone size-full wp-image-917\" src=\"http:\/\/unicus.se\/wp-content\/uploads\/2016\/06\/gehrman.png\" alt=\"\" width=\"552\" height=\"404\" srcset=\"https:\/\/unicus.se\/wp-content\/uploads\/2016\/06\/gehrman.png 552w, https:\/\/unicus.se\/wp-content\/uploads\/2016\/06\/gehrman-300x220.png 300w\" sizes=\"auto, (max-width: 552px) 100vw, 552px\" \/><strong><a href=\"https:\/\/www.facebook.com\/philip.gehrman\">Philip Gehrman<\/a><\/strong><\/p>\n<p><img loading=\"lazy\" decoding=\"async\" class=\"alignnone size-full wp-image-458\" src=\"http:\/\/unicus.se\/wp-content\/uploads\/2016\/06\/rk.jpg\" alt=\"\" width=\"874\" height=\"444\" srcset=\"https:\/\/unicus.se\/wp-content\/uploads\/2016\/06\/rk.jpg 874w, https:\/\/unicus.se\/wp-content\/uploads\/2016\/06\/rk-300x152.jpg 300w, https:\/\/unicus.se\/wp-content\/uploads\/2016\/06\/rk-768x390.jpg 768w\" sizes=\"auto, (max-width: 874px) 100vw, 874px\" \/><br \/>\n<a href=\"http:\/\/www.ramonarx.com\">Ramona Karlsson<\/a><\/p>\n<p><img loading=\"lazy\" decoding=\"async\" class=\"alignnone size-full wp-image-919\" src=\"http:\/\/unicus.se\/wp-content\/uploads\/2016\/06\/christerdalmans.jpg\" alt=\"\" width=\"959\" height=\"640\" srcset=\"https:\/\/unicus.se\/wp-content\/uploads\/2016\/06\/christerdalmans.jpg 959w, https:\/\/unicus.se\/wp-content\/uploads\/2016\/06\/christerdalmans-300x200.jpg 300w, https:\/\/unicus.se\/wp-content\/uploads\/2016\/06\/christerdalmans-768x513.jpg 768w\" sizes=\"auto, (max-width: 959px) 100vw, 959px\" \/><br \/>\n<strong>Christer Dahlmans<\/strong><\/p>\n<p><img loading=\"lazy\" decoding=\"async\" class=\"alignnone wp-image-920\" src=\"http:\/\/unicus.se\/wp-content\/uploads\/2016\/06\/daneilthoren.jpg\" alt=\"\" width=\"505\" height=\"504\" srcset=\"https:\/\/unicus.se\/wp-content\/uploads\/2016\/06\/daneilthoren.jpg 408w, https:\/\/unicus.se\/wp-content\/uploads\/2016\/06\/daneilthoren-150x150.jpg 150w, https:\/\/unicus.se\/wp-content\/uploads\/2016\/06\/daneilthoren-300x300.jpg 300w\" sizes=\"auto, (max-width: 505px) 100vw, 505px\" \/><br \/>\nDaniel Thor\u00e9n<\/p>\n<p><img loading=\"lazy\" decoding=\"async\" class=\"alignnone size-full wp-image-922\" src=\"http:\/\/unicus.se\/wp-content\/uploads\/2016\/06\/zoltan.jpg\" alt=\"\" width=\"960\" height=\"624\" srcset=\"https:\/\/unicus.se\/wp-content\/uploads\/2016\/06\/zoltan.jpg 960w, https:\/\/unicus.se\/wp-content\/uploads\/2016\/06\/zoltan-300x195.jpg 300w, https:\/\/unicus.se\/wp-content\/uploads\/2016\/06\/zoltan-768x499.jpg 768w\" sizes=\"auto, (max-width: 960px) 100vw, 960px\" \/><br \/>\n<a href=\"https:\/\/www.facebook.com\/vasszoltanrx\">Zoltan Vass<\/a><\/p>\n<p><img loading=\"lazy\" decoding=\"async\" class=\"alignnone size-full wp-image-921\" src=\"http:\/\/unicus.se\/wp-content\/uploads\/2016\/06\/svein-roger-andersen-lhem-kopie.jpg\" alt=\"\" width=\"800\" height=\"532\" srcset=\"https:\/\/unicus.se\/wp-content\/uploads\/2016\/06\/svein-roger-andersen-lhem-kopie.jpg 800w, https:\/\/unicus.se\/wp-content\/uploads\/2016\/06\/svein-roger-andersen-lhem-kopie-300x200.jpg 300w, https:\/\/unicus.se\/wp-content\/uploads\/2016\/06\/svein-roger-andersen-lhem-kopie-768x511.jpg 768w\" sizes=\"auto, (max-width: 800px) 100vw, 800px\" \/><br \/>\nSvein-Roger Andersen<\/p>\n<p>&nbsp;<\/p>","protected":false},"excerpt":{"rendered":"<p>UNIC Transmissions har f\u00f6rm\u00e5nen att leverera produkter till\u00a0flera av de mest framg\u00e5ngsrika f\u00f6rarna och teamen i v\u00e4rlden.\u00a0 &nbsp; Titans RX Unic Transmissions is delivering all transmission parts, between engine and wheels, to all of the cars in the\u00a02019 years&#8217; new <a class=\"more-link\" href=\"https:\/\/unicus.se\/?page_id=348\">Forts\u00e4tt l\u00e4sa <span class=\"screen-reader-text\">  Kunder<\/span><span class=\"meta-nav\">&rarr;<\/span><\/a><\/p>\n","protected":false},"author":3,"featured_media":352,"parent":0,"menu_order":0,"comment_status":"closed","ping_status":"closed","template":"","meta":{"footnotes":""},"class_list":["post-348","page","type-page","status-publish","has-post-thumbnail","hentry"],"_links":{"self":[{"href":"https:\/\/unicus.se\/index.php?rest_route=\/wp\/v2\/pages\/348","targetHints":{"allow":["GET"]}}],"collection":[{"href":"https:\/\/unicus.se\/index.php?rest_route=\/wp\/v2\/pages"}],"about":[{"href":"https:\/\/unicus.se\/index.php?rest_route=\/wp\/v2\/types\/page"}],"author":[{"embeddable":true,"href":"https:\/\/unicus.se\/index.php?rest_route=\/wp\/v2\/users\/3"}],"replies":[{"embeddable":true,"href":"https:\/\/unicus.se\/index.php?rest_route=%2Fwp%2Fv2%2Fcomments&post=348"}],"version-history":[{"count":17,"href":"https:\/\/unicus.se\/index.php?rest_route=\/wp\/v2\/pages\/348\/revisions"}],"predecessor-version":[{"id":1033,"href":"https:\/\/unicus.se\/index.php?rest_route=\/wp\/v2\/pages\/348\/revisions\/1033"}],"wp:featuredmedia":[{"embeddable":true,"href":"https:\/\/unicus.se\/index.php?rest_route=\/wp\/v2\/media\/352"}],"wp:attachment":[{"href":"https:\/\/unicus.se\/index.php?rest_route=%2Fwp%2Fv2%2Fmedia&parent=348"}],"curies":[{"name":"wp","href":"https:\/\/api.w.org\/{rel}","templated":true}]}}