{"id":377,"date":"2016-06-22T10:15:40","date_gmt":"2016-06-22T10:15:40","guid":{"rendered":"http:\/\/unicus.se\/?page_id=377"},"modified":"2023-03-13T20:37:25","modified_gmt":"2023-03-13T20:37:25","slug":"vaxellada-rwd","status":"publish","type":"page","link":"https:\/\/unicus.se\/?page_id=377","title":{"rendered":"V\u00e4xell\u00e5da RWD-5 &#038; RWD-6 \u2013 Inline 5- &#038; 6-v\u00e4xlad sekventiell"},"content":{"rendered":"<p><\/p>\n<h1><\/h1>\n<figure id=\"attachment_1560\" aria-describedby=\"caption-attachment-1560\" style=\"width: 300px\" class=\"wp-caption alignnone\"><a href=\"http:\/\/unicus.se\/wp-content\/uploads\/2022\/10\/RWD-5-x2-72dpi.jpg\"><img loading=\"lazy\" decoding=\"async\" class=\"wp-image-1560 size-medium\" src=\"http:\/\/unicus.se\/wp-content\/uploads\/2022\/10\/RWD-5-x2-72dpi-300x200.jpg\" alt=\"\" width=\"300\" height=\"200\" srcset=\"https:\/\/unicus.se\/wp-content\/uploads\/2022\/10\/RWD-5-x2-72dpi-300x200.jpg 300w, https:\/\/unicus.se\/wp-content\/uploads\/2022\/10\/RWD-5-x2-72dpi-1024x683.jpg 1024w, https:\/\/unicus.se\/wp-content\/uploads\/2022\/10\/RWD-5-x2-72dpi-768x512.jpg 768w, https:\/\/unicus.se\/wp-content\/uploads\/2022\/10\/RWD-5-x2-72dpi-1536x1024.jpg 1536w, https:\/\/unicus.se\/wp-content\/uploads\/2022\/10\/RWD-5-x2-72dpi.jpg 1701w\" sizes=\"auto, (max-width: 300px) 100vw, 300px\" \/><\/a><figcaption id=\"caption-attachment-1560\" class=\"wp-caption-text\"><strong>V\u00e4xell\u00e5da Unic RWD-5\u00a0 <\/strong>\u00a0<br \/>&#8211; Sekventiell dog-ring v\u00e4xell\u00e5da f\u00f6r t\u00e4vlingsbruk. &#8211; 5-v\u00e4xlar + back med rakskurna drev.\u00a0<strong><br \/><\/strong>&#8211; L\u00e4mplig f\u00f6r motorer upp till 450 Nm.\u00a0<br \/>&#8211; V\u00e4ger endast 18.5 kg vilket ger den ett o\u00f6vertr\u00e4ffat f\u00f6rh\u00e5llande mellan vikt och styrka.\u00a0<\/p>\n<p><strong>Utv\u00e4xlings &#8211; alternativ\u00a0(10st): <\/strong> <br \/>Set A1:\u00a0 \u00a02,46 \u2013 1,84 \u2013 1,46 \u2013 1,20 \u2013 1,00<br \/>Set A2:\u00a0 \u00a02,37 \u2013 1,84 \u2013 1,46 \u2013 1,20 \u2013 1,00<br \/>Set A3:\u00a0 \u00a02,28 \u2013 1,84 \u2013 1,46 \u2013 1,20 \u2013 1,00<br \/>Set A4:\u00a0 \u00a02,28 \u2013 1,76 \u2013 1,46 \u2013 1,20 \u2013 1,00\u00a0 <br \/>Set A5:\u00a0 \u00a02,19 \u2013 1,76 \u2013 1,46 \u2013 1,20 \u2013 1,00 <span style=\"color: #ff0000;\"><strong>NY<\/strong>\u00a0 \u00a0 <\/span>Set B1:\u00a0 \u00a02,36 \u2013 1,76 \u2013 1,40 \u2013 1,16 \u2013 1,00<br \/>Set B2:\u00a0 \u00a02,27 \u2013 1,76 \u2013 1,40 \u2013 1,16 \u2013 1,00<br \/>Set B3:\u00a0 \u00a02,18 \u2013 1,76 \u2013 1,40 \u2013 1,16 \u2013 1,00<br \/>Set B4:\u00a0 \u00a02,18 \u2013 1,68 \u2013 1,40 \u2013 1,16 \u2013 1,00\u00a0<span style=\"color: #ff0000;\"><span style=\"color: #000000;\"> <br \/>Set B5:\u00a0 \u00a02,09 \u2013 1,68 \u2013 1,40 \u2013 1,16 \u2013 1,00<\/span><\/span><strong><span style=\"color: #ff0000;\"> NY<\/span><\/strong><br \/>\u00a0F\u00f6r tex Volvo 240,940 Rally rekommenderas B2<\/p>\n<p>&#8211; &#8221;UNIC&#8221; v\u00e4xelsystem ger supersnabba v\u00e4xlingar och <strong>inget<\/strong> <strong>dogslitage<\/strong>.\u00a0<br \/>&#8211; Ing\u00e5ende axel har Ford-spline: 1-tum \/ z23\u00a0<br \/>&#8211; Utg\u00e5ende axel har Volvo-spline: \u00d829 \/ z26\u00a0<br \/>&#8211; Sp\u00e4rr fr\u00e5n 1:an till fril\u00e4ge och back som fril\u00e4gges med en minispak p\u00e5 v\u00e4xelspaken.\u00a0<br \/>&#8211; Adaptern (bilden) \u00e4r f\u00f6r Volvo kopplingsk\u00e5pa\u00a0 \u00a0 &#8211; V\u00e4xell\u00e5dan kan snabbt demonteras med 4st skruv medan kopplingk\u00e5pan sitter kvar p\u00e5 motorn. \u00a0Det finns \u00e4ven adapter f\u00f6r Ford, BMW mm och vi har ocks\u00e5 en del kopplingsk\u00e5por.\u00a0\u00a0<br \/>&#8211; F\u00f6rl\u00e4ngningsenhet med aluminiumr\u00f6r f\u00f6r att flytta bak v\u00e4xell\u00e5dan ca 0.4m finns ocks\u00e5. <a href=\"http:\/\/unicus.se\/wp-content\/uploads\/2020\/05\/Produktblad-V\u00e4xell\u00e5da-In-Line.pdf\">Produktblad (pdf)<\/a><\/figcaption><\/figure>\n<p>&nbsp;<\/p>\n<figure id=\"attachment_1561\" aria-describedby=\"caption-attachment-1561\" style=\"width: 225px\" class=\"wp-caption alignnone\"><a href=\"http:\/\/unicus.se\/wp-content\/uploads\/2022\/10\/UNIC-RWD-5-on-scale.jpg\"><img loading=\"lazy\" decoding=\"async\" class=\"wp-image-1561 size-medium\" src=\"http:\/\/unicus.se\/wp-content\/uploads\/2022\/10\/UNIC-RWD-5-on-scale-225x300.jpg\" alt=\"\" width=\"225\" height=\"300\" srcset=\"https:\/\/unicus.se\/wp-content\/uploads\/2022\/10\/UNIC-RWD-5-on-scale-225x300.jpg 225w, https:\/\/unicus.se\/wp-content\/uploads\/2022\/10\/UNIC-RWD-5-on-scale.jpg 756w\" sizes=\"auto, (max-width: 225px) 100vw, 225px\" \/><\/a><figcaption id=\"caption-attachment-1561\" class=\"wp-caption-text\"><strong><span style=\"color: #ff0000;\">Vikt 18.3 kg! <\/span><\/strong><\/figcaption><\/figure>\n<hr \/>\n<p>&nbsp;<\/p>\n<figure id=\"attachment_1562\" aria-describedby=\"caption-attachment-1562\" style=\"width: 300px\" class=\"wp-caption alignnone\"><a href=\"http:\/\/unicus.se\/wp-content\/uploads\/2022\/10\/Unic-RWD-6-72ppi.jpg\"><img loading=\"lazy\" decoding=\"async\" class=\"wp-image-1562 size-medium\" src=\"http:\/\/unicus.se\/wp-content\/uploads\/2022\/10\/Unic-RWD-6-72ppi-300x251.jpg\" alt=\"\" width=\"300\" height=\"251\" srcset=\"https:\/\/unicus.se\/wp-content\/uploads\/2022\/10\/Unic-RWD-6-72ppi-300x251.jpg 300w, https:\/\/unicus.se\/wp-content\/uploads\/2022\/10\/Unic-RWD-6-72ppi-1024x855.jpg 1024w, https:\/\/unicus.se\/wp-content\/uploads\/2022\/10\/Unic-RWD-6-72ppi-768x642.jpg 768w, https:\/\/unicus.se\/wp-content\/uploads\/2022\/10\/Unic-RWD-6-72ppi-1536x1283.jpg 1536w, https:\/\/unicus.se\/wp-content\/uploads\/2022\/10\/Unic-RWD-6-72ppi-2048x1711.jpg 2048w\" sizes=\"auto, (max-width: 300px) 100vw, 300px\" \/><\/a><figcaption id=\"caption-attachment-1562\" class=\"wp-caption-text\"><strong>V\u00e4xell\u00e5da Unic RWD-6<\/strong> <br \/>\u2013 Sekventiell dog-ring v\u00e4xell\u00e5da f\u00f6r t\u00e4vlingsbruk. <br \/>\u2013 6-v\u00e4xlar + back, med rakskurna drev.\u00a0<br \/>\u2013 L\u00e4mplig f\u00f6r motorer upp till 450 Nm. <br \/>\u2013 V\u00e4ger endast 19.5 kg vilket ger den ett o\u00f6vertr\u00e4ffat f\u00f6rh\u00e5llande mellan vikt och styrka.\u00a0 <\/p>\n<p><strong>Utv\u00e4xlings \u2013 alternativ (endast 1:an \u00e4r olika)<br \/><\/strong> Set L: 2,75 \u2013 2,04 \u2013 1,65 \u2013 1,38 \u2013 1,16 &#8211; 1,00 <br \/>Set M: 2,65 \u2013 2,04 \u2013 1,65 \u2013 1,38 \u2013 1,16 &#8211; 1,00 <br \/>Set H: 2,55 \u2013 2,04 \u2013 1,65 \u2013 1,38 \u2013 1,16 &#8211; 1,00 <\/p>\n<p>Denna v\u00e4xell\u00e5da bygger p\u00e5 samma teknik som den bepr\u00f6vade RWD-5. Utrymmet f\u00f6r den 6:a v\u00e4xeln har skapats genom att backdreven flyttats ut i den bakre gaveln som blivit ngt st\u00f6rre. Det har gett plats \u00e5t ett ytterligare drevpar utan att kompromissa med styrkan. Den klarar samma moment (450Nm) som RWD-5.<\/figcaption><\/figure>\n<p><figure id=\"attachment_1563\" aria-describedby=\"caption-attachment-1563\" style=\"width: 225px\" class=\"wp-caption alignnone\"><a href=\"http:\/\/unicus.se\/wp-content\/uploads\/2022\/10\/UNIC-RWD-6-on-scale.jpg\"><img loading=\"lazy\" decoding=\"async\" class=\"wp-image-1563 size-medium\" src=\"http:\/\/unicus.se\/wp-content\/uploads\/2022\/10\/UNIC-RWD-6-on-scale-225x300.jpg\" alt=\"\" width=\"225\" height=\"300\" srcset=\"https:\/\/unicus.se\/wp-content\/uploads\/2022\/10\/UNIC-RWD-6-on-scale-225x300.jpg 225w, https:\/\/unicus.se\/wp-content\/uploads\/2022\/10\/UNIC-RWD-6-on-scale.jpg 756w\" sizes=\"auto, (max-width: 225px) 100vw, 225px\" \/><\/a><figcaption id=\"caption-attachment-1563\" class=\"wp-caption-text\"><span style=\"color: #ff0000;\"><strong>Vikt 19,4 kg!<\/strong><\/span><\/figcaption><\/figure><\/p>","protected":false},"excerpt":{"rendered":"<p>&nbsp; &nbsp;<\/p>\n","protected":false},"author":3,"featured_media":0,"parent":0,"menu_order":0,"comment_status":"closed","ping_status":"closed","template":"","meta":{"footnotes":""},"class_list":["post-377","page","type-page","status-publish","hentry"],"_links":{"self":[{"href":"https:\/\/unicus.se\/index.php?rest_route=\/wp\/v2\/pages\/377","targetHints":{"allow":["GET"]}}],"collection":[{"href":"https:\/\/unicus.se\/index.php?rest_route=\/wp\/v2\/pages"}],"about":[{"href":"https:\/\/unicus.se\/index.php?rest_route=\/wp\/v2\/types\/page"}],"author":[{"embeddable":true,"href":"https:\/\/unicus.se\/index.php?rest_route=\/wp\/v2\/users\/3"}],"replies":[{"embeddable":true,"href":"https:\/\/unicus.se\/index.php?rest_route=%2Fwp%2Fv2%2Fcomments&post=377"}],"version-history":[{"count":83,"href":"https:\/\/unicus.se\/index.php?rest_route=\/wp\/v2\/pages\/377\/revisions"}],"predecessor-version":[{"id":1629,"href":"https:\/\/unicus.se\/index.php?rest_route=\/wp\/v2\/pages\/377\/revisions\/1629"}],"wp:attachment":[{"href":"https:\/\/unicus.se\/index.php?rest_route=%2Fwp%2Fv2%2Fmedia&parent=377"}],"curies":[{"name":"wp","href":"https:\/\/api.w.org\/{rel}","templated":true}]}}