{"id":379,"date":"2016-06-22T10:17:53","date_gmt":"2016-06-22T10:17:53","guid":{"rendered":"http:\/\/unicus.se\/?page_id=379"},"modified":"2023-01-02T21:21:59","modified_gmt":"2023-01-02T21:21:59","slug":"stel-bakaxel-drivaxlar-rwd","status":"publish","type":"page","link":"https:\/\/unicus.se\/?page_id=379","title":{"rendered":"Stel bakaxel &#038; drivaxlar RWD"},"content":{"rendered":"<p><figure id=\"attachment_1578\" aria-describedby=\"caption-attachment-1578\" style=\"width: 308px\" class=\"wp-caption alignnone\"><img loading=\"lazy\" decoding=\"async\" class=\"wp-image-1578\" src=\"http:\/\/unicus.se\/wp-content\/uploads\/2022\/12\/Drivaxel-forstarkt-72dpi-1-1024x683.jpg\" alt=\"\" width=\"308\" height=\"208\" \/><figcaption id=\"caption-attachment-1578\" class=\"wp-caption-text\">Drivaxel Volvo med standard bultcirkel samt M14x1.5<\/figcaption><\/figure><\/p>\n<figure id=\"attachment_388\" aria-describedby=\"caption-attachment-388\" style=\"width: 300px\" class=\"wp-caption alignnone\"><a href=\"http:\/\/unicus.se\/wp-content\/uploads\/2016\/06\/DRIVAXEL-STELBAKAXEL-0038-1.jpg\" rel=\"attachment wp-att-388\"><img loading=\"lazy\" decoding=\"async\" class=\"wp-image-388 size-medium\" src=\"http:\/\/unicus.se\/wp-content\/uploads\/2016\/06\/DRIVAXEL-STELBAKAXEL-0038-1-300x200.jpg\" alt=\"Drivaxel\" width=\"300\" height=\"200\" srcset=\"https:\/\/unicus.se\/wp-content\/uploads\/2016\/06\/DRIVAXEL-STELBAKAXEL-0038-1-300x200.jpg 300w, https:\/\/unicus.se\/wp-content\/uploads\/2016\/06\/DRIVAXEL-STELBAKAXEL-0038-1-768x512.jpg 768w, https:\/\/unicus.se\/wp-content\/uploads\/2016\/06\/DRIVAXEL-STELBAKAXEL-0038-1-1024x683.jpg 1024w, https:\/\/unicus.se\/wp-content\/uploads\/2016\/06\/DRIVAXEL-STELBAKAXEL-0038-1.jpg 1701w\" sizes=\"auto, (max-width: 300px) 100vw, 300px\" \/><\/a><figcaption id=\"caption-attachment-388\" class=\"wp-caption-text\"><strong>Drivaxlar f\u00f6r stel bakaxel\u00a0<\/strong><br \/>Drivaxel f\u00f6r stel bakaxel med Volvolager och med Volvol\u00e4ngder (240 och 740\/940 och \u00e4ven d\u00e4remellan). <br \/>&#8211; Spline-axeln \u00e4r gr\u00f6vre \u00e4n Volvo original och d\u00e4rmed m\u00e5ste \u00e4ven diffen vara anpassad f\u00f6r denna spline.<br \/>&#8211; Tv\u00e5 st. bultcirkel &#8211; Volvo original (5x \u00d816 p\u00e5 delnings \u00d8108) samt 5x M14x1.5 p\u00e5 delnings \u00d8108 (\u00f6vre bilden).\u00a0<br \/>&#8211; Lagren \u00e4r specialslipade f\u00f6r att eliminera axialspelet som annars g\u00f6r att bromspedalen blir &#8221;l\u00e5g&#8221; och inkonsekvent. <br \/>&#8211; \u00c4nden \u00e4r url\u00e4ttad och skruvbrickan \u00e4r av aluminium &#8211; allt f\u00f6r att minimera vikten. <a href=\"http:\/\/unicus.se\/wp-content\/uploads\/2020\/06\/Info-sheet-Drive-shaft.pdf\">Produktblad (pdf)<\/a><\/figcaption><\/figure>\n<p>&nbsp;<\/p>\n<figure id=\"attachment_1583\" aria-describedby=\"caption-attachment-1583\" style=\"width: 300px\" class=\"wp-caption alignnone\"><img loading=\"lazy\" decoding=\"async\" class=\"wp-image-1583 size-medium\" src=\"http:\/\/unicus.se\/wp-content\/uploads\/2023\/01\/Drevsats-Volvo-5.14-72dpi-300x200.jpg\" alt=\"\" width=\"300\" height=\"200\" srcset=\"https:\/\/unicus.se\/wp-content\/uploads\/2023\/01\/Drevsats-Volvo-5.14-72dpi-300x200.jpg 300w, https:\/\/unicus.se\/wp-content\/uploads\/2023\/01\/Drevsats-Volvo-5.14-72dpi-1024x683.jpg 1024w, https:\/\/unicus.se\/wp-content\/uploads\/2023\/01\/Drevsats-Volvo-5.14-72dpi-768x512.jpg 768w, https:\/\/unicus.se\/wp-content\/uploads\/2023\/01\/Drevsats-Volvo-5.14-72dpi-1536x1024.jpg 1536w, https:\/\/unicus.se\/wp-content\/uploads\/2023\/01\/Drevsats-Volvo-5.14-72dpi.jpg 1701w\" sizes=\"auto, (max-width: 300px) 100vw, 300px\" \/><figcaption id=\"caption-attachment-1583\" class=\"wp-caption-text\"><strong> Drevsats (Kronhjul och Pinjong) med utv\u00e4xling 5,14 f\u00f6r Volvo 10.31 <\/strong> <br \/>Maximalt l\u00e4ttad och extra kraftig. Kronhjulsdiameter \u00d8200 dvs 4mm st\u00f6rre \u00e4n original och f\u00e5r plats utan, el bara lite slip-justering i huset.<\/figcaption><\/figure>\n<figure id=\"attachment_1017\" aria-describedby=\"caption-attachment-1017\" style=\"width: 300px\" class=\"wp-caption alignnone\"><a href=\"http:\/\/unicus.se\/wp-content\/uploads\/2012\/09\/kronhjul.jpg\" rel=\"attachment wp-att-388\"><img loading=\"lazy\" decoding=\"async\" class=\"wp-image-1017 size-medium\" src=\"http:\/\/unicus.se\/wp-content\/uploads\/2012\/09\/kronhjul-300x200.jpg\" alt=\"\" width=\"300\" height=\"200\" srcset=\"https:\/\/unicus.se\/wp-content\/uploads\/2012\/09\/kronhjul-300x200.jpg 300w, https:\/\/unicus.se\/wp-content\/uploads\/2012\/09\/kronhjul-768x512.jpg 768w, https:\/\/unicus.se\/wp-content\/uploads\/2012\/09\/kronhjul-1024x682.jpg 1024w, https:\/\/unicus.se\/wp-content\/uploads\/2012\/09\/kronhjul.jpg 1276w\" sizes=\"auto, (max-width: 300px) 100vw, 300px\" \/><\/a><figcaption id=\"caption-attachment-1017\" class=\"wp-caption-text\"><strong>Drevsats (Kronhjul och Pinjong) med utv\u00e4xling 6,14 f\u00f6r Volvo 10.31<\/strong> <br \/>Kronhjulets ytterdiameter \u00e4r 210mm dvs 14mm st\u00f6rre \u00e4n original f\u00f6r att ge \u00f6kad styrka vilket inneb\u00e4r att en original Volvo bakaxel beh\u00f6ver slipas n\u00e5got inuti huset f\u00f6r att ge plats f\u00f6r kronhjulet. Vikten f\u00f6r Kronhjul och Pinjong tillsammans \u00e4r i detta l\u00e4ttutf\u00f6rande 4 kg vilket \u00e4r ca 2,5 kg l\u00e4ttare.\u00a0 \u00a0<strong>Vi kan \u00e4ven leverera andra utv\u00e4xlingar till Volvo 10.31 dock finns inte alla i l\u00e4tt-utf\u00f6rande.<\/strong><\/figcaption><\/figure>\n<figure id=\"attachment_389\" aria-describedby=\"caption-attachment-389\" style=\"width: 300px\" class=\"wp-caption alignnone\"><a href=\"http:\/\/unicus.se\/wp-content\/uploads\/2016\/06\/L\u00c4TT-VIKTS-BAKAXEL-0058-1.jpg\" rel=\"attachment wp-att-389\"><img loading=\"lazy\" decoding=\"async\" class=\"size-medium wp-image-389\" src=\"http:\/\/unicus.se\/wp-content\/uploads\/2016\/06\/L\u00c4TT-VIKTS-BAKAXEL-0058-1-300x200.jpg\" alt=\"Bakaxel, l\u00e4ttvikt\" width=\"300\" height=\"200\" srcset=\"https:\/\/unicus.se\/wp-content\/uploads\/2016\/06\/L\u00c4TT-VIKTS-BAKAXEL-0058-1-300x200.jpg 300w, https:\/\/unicus.se\/wp-content\/uploads\/2016\/06\/L\u00c4TT-VIKTS-BAKAXEL-0058-1-768x512.jpg 768w, https:\/\/unicus.se\/wp-content\/uploads\/2016\/06\/L\u00c4TT-VIKTS-BAKAXEL-0058-1-1024x683.jpg 1024w, https:\/\/unicus.se\/wp-content\/uploads\/2016\/06\/L\u00c4TT-VIKTS-BAKAXEL-0058-1.jpg 1701w\" sizes=\"auto, (max-width: 300px) 100vw, 300px\" \/><\/a><figcaption id=\"caption-attachment-389\" class=\"wp-caption-text\"><strong>Stel bakaxel av l\u00e4ttviktsmodell<\/strong><\/figcaption><\/figure>\n<figure id=\"attachment_545\" aria-describedby=\"caption-attachment-545\" style=\"width: 300px\" class=\"wp-caption alignnone\"><img loading=\"lazy\" decoding=\"async\" class=\"size-medium wp-image-545\" src=\"http:\/\/unicus.se\/wp-content\/uploads\/2016\/06\/unnamed-1-300x200.jpg\" alt=\"Bakaxel l\u00e4ttvikt\" width=\"300\" height=\"200\" srcset=\"https:\/\/unicus.se\/wp-content\/uploads\/2016\/06\/unnamed-1-300x200.jpg 300w, https:\/\/unicus.se\/wp-content\/uploads\/2016\/06\/unnamed-1-768x512.jpg 768w, https:\/\/unicus.se\/wp-content\/uploads\/2016\/06\/unnamed-1.jpg 850w\" sizes=\"auto, (max-width: 300px) 100vw, 300px\" \/><figcaption id=\"caption-attachment-545\" class=\"wp-caption-text\"><b>Fr\u00e5n ovansidan<\/b><\/figcaption><\/figure>\n<figure id=\"attachment_546\" aria-describedby=\"caption-attachment-546\" style=\"width: 300px\" class=\"wp-caption alignnone\"><img loading=\"lazy\" decoding=\"async\" class=\"size-medium wp-image-546\" src=\"http:\/\/unicus.se\/wp-content\/uploads\/2016\/06\/unnamed2-300x225.jpg\" alt=\"Bakaxel l\u00e4ttvikt\" width=\"300\" height=\"225\" srcset=\"https:\/\/unicus.se\/wp-content\/uploads\/2016\/06\/unnamed2-300x225.jpg 300w, https:\/\/unicus.se\/wp-content\/uploads\/2016\/06\/unnamed2.jpg 640w\" sizes=\"auto, (max-width: 300px) 100vw, 300px\" \/><figcaption id=\"caption-attachment-546\" class=\"wp-caption-text\"><strong>Stel bakaxel av l\u00e4ttviktsmodell<\/strong><\/figcaption><\/figure>\n<figure id=\"attachment_547\" aria-describedby=\"caption-attachment-547\" style=\"width: 300px\" class=\"wp-caption alignnone\"><img loading=\"lazy\" decoding=\"async\" class=\"size-medium wp-image-547\" src=\"http:\/\/unicus.se\/wp-content\/uploads\/2016\/06\/unnamed3-300x225.jpg\" alt=\"Bakaxel l\u00e4ttvikt\" width=\"300\" height=\"225\" srcset=\"https:\/\/unicus.se\/wp-content\/uploads\/2016\/06\/unnamed3-300x225.jpg 300w, https:\/\/unicus.se\/wp-content\/uploads\/2016\/06\/unnamed3.jpg 640w\" sizes=\"auto, (max-width: 300px) 100vw, 300px\" \/><figcaption id=\"caption-attachment-547\" class=\"wp-caption-text\"><b>Bakaxeln \u00e4r f\u00f6rberedd f\u00f6r Watt-link och \u00a0man\u00f6verknapp f\u00f6r justering av &#8221;Unic&#8221; diff.<\/b><\/figcaption><\/figure>\n<figure id=\"attachment_390\" aria-describedby=\"caption-attachment-390\" style=\"width: 300px\" class=\"wp-caption alignnone\"><a href=\"http:\/\/unicus.se\/wp-content\/uploads\/2016\/06\/MEDBRINGARE-KARDAN-0087-1.jpg\" rel=\"attachment wp-att-390\"><img loading=\"lazy\" decoding=\"async\" class=\"size-medium wp-image-390\" src=\"http:\/\/unicus.se\/wp-content\/uploads\/2016\/06\/MEDBRINGARE-KARDAN-0087-1-300x200.jpg\" alt=\"Medbringare, kardan\" width=\"300\" height=\"200\" srcset=\"https:\/\/unicus.se\/wp-content\/uploads\/2016\/06\/MEDBRINGARE-KARDAN-0087-1-300x200.jpg 300w, https:\/\/unicus.se\/wp-content\/uploads\/2016\/06\/MEDBRINGARE-KARDAN-0087-1-768x512.jpg 768w, https:\/\/unicus.se\/wp-content\/uploads\/2016\/06\/MEDBRINGARE-KARDAN-0087-1-1024x683.jpg 1024w, https:\/\/unicus.se\/wp-content\/uploads\/2016\/06\/MEDBRINGARE-KARDAN-0087-1.jpg 1701w\" sizes=\"auto, (max-width: 300px) 100vw, 300px\" \/><\/a><figcaption id=\"caption-attachment-390\" class=\"wp-caption-text\"><strong>Medbringare, kardan finns \u00e4ven i utf\u00f6rande med 2st drivpiggar och 2st g\u00e4ngh\u00e5l.<\/strong><\/figcaption><\/figure>\n<figure id=\"attachment_288\" aria-describedby=\"caption-attachment-288\" style=\"width: 300px\" class=\"wp-caption alignnone\"><a href=\"http:\/\/unicus.se\/wp-content\/uploads\/2016\/06\/\u00c4NDBRICKA-HJULLAGER-240-740-940-BAK-0037.jpg\" rel=\"attachment wp-att-288\"><img loading=\"lazy\" decoding=\"async\" class=\"size-medium wp-image-288\" src=\"http:\/\/unicus.se\/wp-content\/uploads\/2016\/06\/\u00c4NDBRICKA-HJULLAGER-240-740-940-BAK-0037-300x200.jpg\" alt=\"\u00c4ndbricka hjullager bak, 240, 740, 940\" width=\"300\" height=\"200\" srcset=\"https:\/\/unicus.se\/wp-content\/uploads\/2016\/06\/\u00c4NDBRICKA-HJULLAGER-240-740-940-BAK-0037-300x200.jpg 300w, https:\/\/unicus.se\/wp-content\/uploads\/2016\/06\/\u00c4NDBRICKA-HJULLAGER-240-740-940-BAK-0037-768x512.jpg 768w, https:\/\/unicus.se\/wp-content\/uploads\/2016\/06\/\u00c4NDBRICKA-HJULLAGER-240-740-940-BAK-0037-1024x683.jpg 1024w, https:\/\/unicus.se\/wp-content\/uploads\/2016\/06\/\u00c4NDBRICKA-HJULLAGER-240-740-940-BAK-0037.jpg 1701w\" sizes=\"auto, (max-width: 300px) 100vw, 300px\" \/><\/a><figcaption id=\"caption-attachment-288\" class=\"wp-caption-text\"><strong>\u00c4ndbricka f\u00f6r hjullager av aluminium<\/strong><\/figcaption><\/figure>\n<figure id=\"attachment_391\" aria-describedby=\"caption-attachment-391\" style=\"width: 300px\" class=\"wp-caption alignnone\"><a href=\"http:\/\/unicus.se\/wp-content\/uploads\/2016\/06\/MONTERINGS-SATS-PINION-KRONHJUL-MED-DIFFLAGER-0024-1.jpg\" rel=\"attachment wp-att-391\"><img loading=\"lazy\" decoding=\"async\" class=\"wp-image-391 size-medium\" src=\"http:\/\/unicus.se\/wp-content\/uploads\/2016\/06\/MONTERINGS-SATS-PINION-KRONHJUL-MED-DIFFLAGER-0024-1-300x200.jpg\" alt=\"MONTERINGS SATS PINION &amp; KRONHJUL MED DIFFLAGER 0024\" width=\"300\" height=\"200\" srcset=\"https:\/\/unicus.se\/wp-content\/uploads\/2016\/06\/MONTERINGS-SATS-PINION-KRONHJUL-MED-DIFFLAGER-0024-1-300x200.jpg 300w, https:\/\/unicus.se\/wp-content\/uploads\/2016\/06\/MONTERINGS-SATS-PINION-KRONHJUL-MED-DIFFLAGER-0024-1-768x512.jpg 768w, https:\/\/unicus.se\/wp-content\/uploads\/2016\/06\/MONTERINGS-SATS-PINION-KRONHJUL-MED-DIFFLAGER-0024-1-1024x683.jpg 1024w, https:\/\/unicus.se\/wp-content\/uploads\/2016\/06\/MONTERINGS-SATS-PINION-KRONHJUL-MED-DIFFLAGER-0024-1.jpg 1701w\" sizes=\"auto, (max-width: 300px) 100vw, 300px\" \/><\/a><figcaption id=\"caption-attachment-391\" class=\"wp-caption-text\"><strong>Monteringssats f\u00f6r pinjong och kronhjul inkl.\u00a0difflager<\/strong><\/figcaption><\/figure>\n<figure id=\"attachment_760\" aria-describedby=\"caption-attachment-760\" style=\"width: 300px\" class=\"wp-caption alignnone\"><img loading=\"lazy\" decoding=\"async\" class=\"size-medium wp-image-760\" src=\"http:\/\/unicus.se\/wp-content\/uploads\/2016\/06\/IMG_7746-4-linkf\u00e4sten-olika-m\u00e5tt-72dpi-300x210.jpg\" alt=\"\" width=\"300\" height=\"210\" srcset=\"https:\/\/unicus.se\/wp-content\/uploads\/2016\/06\/IMG_7746-4-linkf\u00e4sten-olika-m\u00e5tt-72dpi-300x210.jpg 300w, https:\/\/unicus.se\/wp-content\/uploads\/2016\/06\/IMG_7746-4-linkf\u00e4sten-olika-m\u00e5tt-72dpi.jpg 510w\" sizes=\"auto, (max-width: 300px) 100vw, 300px\" \/><figcaption id=\"caption-attachment-760\" class=\"wp-caption-text\"><strong>Svetsf\u00e4sten f\u00f6r 4-link med olika m\u00e5tt<\/strong><\/figcaption><\/figure>\n<figure id=\"attachment_762\" aria-describedby=\"caption-attachment-762\" style=\"width: 300px\" class=\"wp-caption alignnone\"><img loading=\"lazy\" decoding=\"async\" class=\"size-medium wp-image-762\" src=\"http:\/\/unicus.se\/wp-content\/uploads\/2016\/06\/IMG_7745-Watt-link-propeller-enhet-72dpi-300x210.jpg\" alt=\"\" width=\"300\" height=\"210\" srcset=\"https:\/\/unicus.se\/wp-content\/uploads\/2016\/06\/IMG_7745-Watt-link-propeller-enhet-72dpi-300x210.jpg 300w, https:\/\/unicus.se\/wp-content\/uploads\/2016\/06\/IMG_7745-Watt-link-propeller-enhet-72dpi.jpg 510w\" sizes=\"auto, (max-width: 300px) 100vw, 300px\" \/><figcaption id=\"caption-attachment-762\" class=\"wp-caption-text\"><strong>Watt-link<\/strong><\/figcaption><\/figure>\n<p><figure id=\"attachment_761\" aria-describedby=\"caption-attachment-761\" style=\"width: 300px\" class=\"wp-caption alignnone\"><img loading=\"lazy\" decoding=\"async\" class=\"size-medium wp-image-761\" src=\"http:\/\/unicus.se\/wp-content\/uploads\/2016\/06\/IMG_7748-DIV-f\u00e4sten-bromsok-st\u00f6td\u00e4mpare-mm-72dpi-300x210.jpg\" alt=\"\" width=\"300\" height=\"210\" srcset=\"https:\/\/unicus.se\/wp-content\/uploads\/2016\/06\/IMG_7748-DIV-f\u00e4sten-bromsok-st\u00f6td\u00e4mpare-mm-72dpi-300x210.jpg 300w, https:\/\/unicus.se\/wp-content\/uploads\/2016\/06\/IMG_7748-DIV-f\u00e4sten-bromsok-st\u00f6td\u00e4mpare-mm-72dpi.jpg 510w\" sizes=\"auto, (max-width: 300px) 100vw, 300px\" \/><figcaption id=\"caption-attachment-761\" class=\"wp-caption-text\"><strong>Svetsf\u00e4sten f\u00f6r bromsok mm.<\/strong><\/figcaption><\/figure><\/p>","protected":false},"excerpt":{"rendered":"<p>&nbsp;<\/p>\n","protected":false},"author":3,"featured_media":0,"parent":0,"menu_order":0,"comment_status":"closed","ping_status":"closed","template":"","meta":{"footnotes":""},"class_list":["post-379","page","type-page","status-publish","hentry"],"_links":{"self":[{"href":"https:\/\/unicus.se\/index.php?rest_route=\/wp\/v2\/pages\/379","targetHints":{"allow":["GET"]}}],"collection":[{"href":"https:\/\/unicus.se\/index.php?rest_route=\/wp\/v2\/pages"}],"about":[{"href":"https:\/\/unicus.se\/index.php?rest_route=\/wp\/v2\/types\/page"}],"author":[{"embeddable":true,"href":"https:\/\/unicus.se\/index.php?rest_route=\/wp\/v2\/users\/3"}],"replies":[{"embeddable":true,"href":"https:\/\/unicus.se\/index.php?rest_route=%2Fwp%2Fv2%2Fcomments&post=379"}],"version-history":[{"count":39,"href":"https:\/\/unicus.se\/index.php?rest_route=\/wp\/v2\/pages\/379\/revisions"}],"predecessor-version":[{"id":1586,"href":"https:\/\/unicus.se\/index.php?rest_route=\/wp\/v2\/pages\/379\/revisions\/1586"}],"wp:attachment":[{"href":"https:\/\/unicus.se\/index.php?rest_route=%2Fwp%2Fv2%2Fmedia&parent=379"}],"curies":[{"name":"wp","href":"https:\/\/api.w.org\/{rel}","templated":true}]}}