{"id":504,"date":"2016-09-12T06:55:35","date_gmt":"2016-09-12T06:55:35","guid":{"rendered":"http:\/\/unicus.se\/?page_id=504"},"modified":"2020-12-15T19:04:40","modified_gmt":"2020-12-15T19:04:40","slug":"vikter-och-viktfordelning","status":"publish","type":"page","link":"https:\/\/unicus.se\/?page_id=504","title":{"rendered":"Teknisk data"},"content":{"rendered":"<p><img loading=\"lazy\" decoding=\"async\" class=\"alignnone size-full wp-image-877\" src=\"http:\/\/unicus.se\/wp-content\/uploads\/2016\/09\/UnicTransmpict.jpg\" alt=\"\" width=\"1231\" height=\"936\" srcset=\"https:\/\/unicus.se\/wp-content\/uploads\/2016\/09\/UnicTransmpict.jpg 1231w, https:\/\/unicus.se\/wp-content\/uploads\/2016\/09\/UnicTransmpict-300x228.jpg 300w, https:\/\/unicus.se\/wp-content\/uploads\/2016\/09\/UnicTransmpict-768x584.jpg 768w, https:\/\/unicus.se\/wp-content\/uploads\/2016\/09\/UnicTransmpict-1024x779.jpg 1024w\" sizes=\"auto, (max-width: 1231px) 100vw, 1231px\" \/><\/p>\n<h4><\/h4>\n<p><strong>Kapacitet<\/strong><span style=\"font-size: small;\"><br \/>\nMax motormoment: 1000 Nm<strong><br \/>\n<\/strong><\/span><\/p>\n<p><strong style=\"font-size: 15px;\">Vikter<br \/>\n<\/strong><span style=\"font-size: small;\">&#8212; Ing\u00e5ende Hus (L=60cm)\u00a0 kompl. med kopplingsk\u00e5pa, axel mm:\u00a0 12 kg<\/span><\/p>\n<p><span style=\"font-size: small;\">&#8212; Startmotor: 3.5 kg\u00a0\u00a0<\/span><span style=\"font-size: small;\"><br \/>\n<\/span><span style=\"font-size: small;\">&#8212; V\u00e4xell\u00e5da\u00a0inkl. drop-v\u00e4xel: 31 kg<br \/>\n<\/span><span style=\"font-size: small;\">&#8212; C-diff (eller Release) inkl.hus och fr\u00e4mre &amp; bakre axel: \u00a010 kg<br \/>\n<\/span><span style=\"font-size: small;\">&#8212; Kardanaxlar: 7.5 kg\u00a0\/ par<br \/>\n<\/span><span style=\"font-size: small;\">&#8212; Slutv\u00e4xelenhet Fram inkl. inkrom och h\u00f6ger<\/span><span style=\"font-size: small;\">\u00a0Tulip (tripodhus):\u00a0 21 kg<br \/>\n<\/span><span style=\"font-size: small;\">&#8212; Transaxel v\u00e4. fram inkl. Tulip &amp; st\u00f6dlagring: 3.5 kg<br \/>\n<\/span><span style=\"font-size: small;\">&#8212; Slutv\u00e4xelenhet Bak inkl. 2st Tulip&#8217;s (tripodhus): <\/span><span style=\"font-size: small;\">\u00a024 kg<\/span><\/p>\n<p>Totalvikt f\u00f6r komplett Unic SuperCar Transmission:\u00a0 96kg\u00a0 (exklusive: startmotor, kardanaxlar och tulips.<\/p>\n<div><strong>Viktf\u00f6rdelning<\/strong><\/div>\n<div><\/div>\n<div><span style=\"font-size: small;\">&#8212; Viktf\u00f6rdelningen mellan fram och bakhjulen med\u00a0Unic l\u00e4ngsmonterad transmission \u00e4r b\u00e4ttre \u00e4n andra l\u00e4ngsmonterade l\u00f6sningar och klart b\u00e4ttre \u00e4n med tv\u00e4rst\u00e4lld motor. Dock har en tv\u00e4rst\u00e4lld motorl\u00f6sning ngt l\u00e4gre tyngpunkt, men med v\u00e5ra l\u00f6sningar p\u00e5 drivknutar mm s\u00e5 kan vi placera framdiffen l\u00e4gre \u00e4n vad som tidigare varit m\u00f6jligt och d\u00e4rmed ocks\u00e5 motorn. Konstruktionen ger ocks\u00e5 m\u00f6jlighet till l\u00e5ng fj\u00e4dringsv\u00e4g.<\/span><\/div>\n<div><span style=\"font-size: small;\"><span style=\"font-size: small;\">&#8212; Startmotorn \u00e4r monterad i kopplingsk\u00e5pan i en l\u00e5g position. Det betyder att ca 4kg vikt flyttats ca 2 decimeter bak\u00e5t och lika mycket ned\u00e5t j\u00e4mf\u00f6rt med &#8221;normal&#8221; placering.<br \/>\n<\/span><\/span><\/div>\n<p>&nbsp;<\/p>","protected":false},"excerpt":{"rendered":"<p>Kapacitet Max motormoment: 1000 Nm Vikter &#8212; Ing\u00e5ende Hus (L=60cm)\u00a0 kompl. med kopplingsk\u00e5pa, axel mm:\u00a0 12 kg &#8212; Startmotor: 3.5 kg\u00a0\u00a0 &#8212; V\u00e4xell\u00e5da\u00a0inkl. drop-v\u00e4xel: 31 kg &#8212; C-diff (eller Release) inkl.hus och fr\u00e4mre &amp; bakre axel: \u00a010 kg &#8212; Kardanaxlar: <a class=\"more-link\" href=\"https:\/\/unicus.se\/?page_id=504\">Forts\u00e4tt l\u00e4sa <span class=\"screen-reader-text\">  Teknisk data<\/span><span class=\"meta-nav\">&rarr;<\/span><\/a><\/p>\n","protected":false},"author":3,"featured_media":0,"parent":0,"menu_order":0,"comment_status":"closed","ping_status":"closed","template":"","meta":{"footnotes":""},"class_list":["post-504","page","type-page","status-publish","hentry"],"_links":{"self":[{"href":"https:\/\/unicus.se\/index.php?rest_route=\/wp\/v2\/pages\/504","targetHints":{"allow":["GET"]}}],"collection":[{"href":"https:\/\/unicus.se\/index.php?rest_route=\/wp\/v2\/pages"}],"about":[{"href":"https:\/\/unicus.se\/index.php?rest_route=\/wp\/v2\/types\/page"}],"author":[{"embeddable":true,"href":"https:\/\/unicus.se\/index.php?rest_route=\/wp\/v2\/users\/3"}],"replies":[{"embeddable":true,"href":"https:\/\/unicus.se\/index.php?rest_route=%2Fwp%2Fv2%2Fcomments&post=504"}],"version-history":[{"count":19,"href":"https:\/\/unicus.se\/index.php?rest_route=\/wp\/v2\/pages\/504\/revisions"}],"predecessor-version":[{"id":1382,"href":"https:\/\/unicus.se\/index.php?rest_route=\/wp\/v2\/pages\/504\/revisions\/1382"}],"wp:attachment":[{"href":"https:\/\/unicus.se\/index.php?rest_route=%2Fwp%2Fv2%2Fmedia&parent=504"}],"curies":[{"name":"wp","href":"https:\/\/api.w.org\/{rel}","templated":true}]}}